{"id":266863,"date":"2024-11-04T13:01:01","date_gmt":"2024-11-04T19:01:01","guid":{"rendered":"https:\/\/tombstone.mx\/?post_type=product&#038;p=266863"},"modified":"2026-04-22T19:09:54","modified_gmt":"2026-04-23T01:09:54","slug":"gorra-tombstone-totem","status":"publish","type":"product","link":"https:\/\/tombstone.mx\/index.php\/product\/gorra-tombstone-totem\/","title":{"rendered":"Gorra Ultimate Rodeo T\u00f3tem"},"content":{"rendered":"<p>Las gorras Tombstone representan la combinaci\u00f3n perfecta de calidad superior, dise\u00f1o \u00fanico y confort excepcional, siendo un accesorio indispensable para aquellos que buscan estilo y funcionalidad en su vestimenta diaria. Cada gorra Tombstone est\u00e1 confeccionada con materiales de alta calidad, seleccionados cuidadosamente para ofrecer durabilidad y resistencia, garantizando que cada pieza pueda soportar el uso diario y las condiciones m\u00e1s exigentes.<\/p>\n<p>La calidad de las gorras Tombstone se refleja en cada detalle, desde las costuras reforzadas hasta los acabados precisos, lo que asegura un producto final que no solo se ve bien, sino que tambi\u00e9n perdura. Los tejidos utilizados, como el algod\u00f3n premium y las mezclas de materiales t\u00e9cnicos, aseguran una gorra que es tanto suave al tacto como robusta en su estructura, proporcionando una sensaci\u00f3n de confort y seguridad a quien la lleva.<\/p>\n<p>En cuanto al dise\u00f1o, las gorras Tombstone se destacan por su originalidad y estilo distintivo. Inspiradas en la rica tradici\u00f3n vaquera y adaptadas a las tendencias modernas, estas gorras ofrecen una amplia variedad de modelos y colores para satisfacer todos los gustos. Desde los dise\u00f1os m\u00e1s cl\u00e1sicos y sobrios hasta los m\u00e1s audaces y llamativos, cada gorra es una declaraci\u00f3n de moda que complementa cualquier atuendo, ya sea casual o m\u00e1s formal.<\/p>\n<p>La comodidad es un aspecto fundamental en el dise\u00f1o de las gorras Tombstone. Con ajustes precisos y bandas interiores suaves, estas gorras aseguran un ajuste perfecto que se adapta a todas las formas y tama\u00f1os de cabeza.<\/p>\n<p>Su env\u00edo es completamente gratis, incluye una caja especial de colecci\u00f3n, un certificado de autenticaci\u00f3n personalizado de quien portara de esta gorra especial y un regalo como agradecimiento por formar parte de nuestra comunidad y disfrutar de esta magnifica experiencia desde 1968.<\/p>\n","protected":false},"excerpt":{"rendered":"<p>Color: Azul\/ Gris \/ Rojo<\/p>\n","protected":false},"featured_media":268426,"comment_status":"open","ping_status":"closed","template":"","meta":{"_et_pb_use_builder":"","_et_pb_old_content":"","_et_gb_content_width":"","_joinchat":[],"jetpack_publicize_message":"","jetpack_publicize_feature_enabled":true,"jetpack_social_post_already_shared":false,"jetpack_social_options":{"image_generator_settings":{"template":"highway","default_image_id":0,"font":"","enabled":false},"version":2}},"product_brand":[],"product_cat":[79,78],"product_tag":[80,24,32],"class_list":{"0":"post-266863","1":"product","2":"type-product","3":"status-publish","4":"has-post-thumbnail","6":"product_cat-gorra","7":"product_cat-moda","8":"product_tag-gorra","9":"product_tag-hombre","10":"product_tag-mujer","12":"first","13":"instock","14":"taxable","15":"shipping-taxable","16":"purchasable","17":"product-type-simple"},"yoast_head":"<!-- This site is optimized with the Yoast SEO Premium plugin v27.3 (Yoast SEO v27.3) - https:\/\/yoast.com\/product\/yoast-seo-premium-wordpress\/ -->\n<title>Gorra Ultimate Rodeo T\u00f3tem - Tombstone Hats<\/title>\n<meta name=\"robots\" content=\"index, follow, max-snippet:-1, max-image-preview:large, max-video-preview:-1\" \/>\n<link rel=\"canonical\" href=\"https:\/\/tombstone.mx\/index.php\/product\/gorra-tombstone-totem\/\" \/>\n<meta property=\"og:locale\" content=\"es_ES\" \/>\n<meta property=\"og:type\" content=\"article\" \/>\n<meta property=\"og:title\" content=\"Gorra Ultimate Rodeo T\u00f3tem\" \/>\n<meta property=\"og:description\" content=\"Color: Azul\/ Gris \/ Rojo\" \/>\n<meta property=\"og:url\" content=\"https:\/\/tombstone.mx\/index.php\/product\/gorra-tombstone-totem\/\" \/>\n<meta property=\"og:site_name\" content=\"Tombstone Hats\" \/>\n<meta property=\"article:publisher\" content=\"https:\/\/www.facebook.com\/TombstoneOfficial\/\" \/>\n<meta property=\"article:modified_time\" content=\"2026-04-23T01:09:54+00:00\" \/>\n<meta property=\"og:image\" content=\"https:\/\/tombstone.mx\/wp-content\/uploads\/2025\/03\/GCTOM20-1.jpg\" \/>\n\t<meta property=\"og:image:width\" content=\"1080\" \/>\n\t<meta property=\"og:image:height\" content=\"1080\" \/>\n\t<meta property=\"og:image:type\" content=\"image\/jpeg\" \/>\n<meta name=\"twitter:card\" content=\"summary_large_image\" \/>\n<meta name=\"twitter:label1\" content=\"Tiempo de lectura\" \/>\n\t<meta name=\"twitter:data1\" content=\"2 minutos\" \/>\n<script type=\"application\/ld+json\" class=\"yoast-schema-graph\">{\"@context\":\"https:\\\/\\\/schema.org\",\"@graph\":[{\"@type\":\"WebPage\",\"@id\":\"https:\\\/\\\/tombstone.mx\\\/index.php\\\/product\\\/gorra-tombstone-totem\\\/\",\"url\":\"https:\\\/\\\/tombstone.mx\\\/index.php\\\/product\\\/gorra-tombstone-totem\\\/\",\"name\":\"Gorra Ultimate Rodeo T\u00f3tem - Tombstone Hats\",\"isPartOf\":{\"@id\":\"https:\\\/\\\/tombstone.mx\\\/#website\"},\"primaryImageOfPage\":{\"@id\":\"https:\\\/\\\/tombstone.mx\\\/index.php\\\/product\\\/gorra-tombstone-totem\\\/#primaryimage\"},\"image\":{\"@id\":\"https:\\\/\\\/tombstone.mx\\\/index.php\\\/product\\\/gorra-tombstone-totem\\\/#primaryimage\"},\"thumbnailUrl\":\"https:\\\/\\\/tombstone.mx\\\/wp-content\\\/uploads\\\/2025\\\/03\\\/GCTOM20-1.jpg\",\"datePublished\":\"2024-11-04T19:01:01+00:00\",\"dateModified\":\"2026-04-23T01:09:54+00:00\",\"breadcrumb\":{\"@id\":\"https:\\\/\\\/tombstone.mx\\\/index.php\\\/product\\\/gorra-tombstone-totem\\\/#breadcrumb\"},\"inLanguage\":\"es\",\"potentialAction\":[{\"@type\":\"ReadAction\",\"target\":[\"https:\\\/\\\/tombstone.mx\\\/index.php\\\/product\\\/gorra-tombstone-totem\\\/\"]}]},{\"@type\":\"ImageObject\",\"inLanguage\":\"es\",\"@id\":\"https:\\\/\\\/tombstone.mx\\\/index.php\\\/product\\\/gorra-tombstone-totem\\\/#primaryimage\",\"url\":\"https:\\\/\\\/tombstone.mx\\\/wp-content\\\/uploads\\\/2025\\\/03\\\/GCTOM20-1.jpg\",\"contentUrl\":\"https:\\\/\\\/tombstone.mx\\\/wp-content\\\/uploads\\\/2025\\\/03\\\/GCTOM20-1.jpg\",\"width\":1080,\"height\":1080},{\"@type\":\"BreadcrumbList\",\"@id\":\"https:\\\/\\\/tombstone.mx\\\/index.php\\\/product\\\/gorra-tombstone-totem\\\/#breadcrumb\",\"itemListElement\":[{\"@type\":\"ListItem\",\"position\":1,\"name\":\"Portada\",\"item\":\"https:\\\/\\\/tombstone.mx\\\/\"},{\"@type\":\"ListItem\",\"position\":2,\"name\":\"Shop\",\"item\":\"https:\\\/\\\/tombstone.mx\\\/index.php\\\/shop\\\/\"},{\"@type\":\"ListItem\",\"position\":3,\"name\":\"Gorra Ultimate Rodeo T\u00f3tem\"}]},{\"@type\":\"WebSite\",\"@id\":\"https:\\\/\\\/tombstone.mx\\\/#website\",\"url\":\"https:\\\/\\\/tombstone.mx\\\/\",\"name\":\"Tombstone Hats\",\"description\":\"Sombreros Tombstone Oficial\",\"publisher\":{\"@id\":\"https:\\\/\\\/tombstone.mx\\\/#organization\"},\"potentialAction\":[{\"@type\":\"SearchAction\",\"target\":{\"@type\":\"EntryPoint\",\"urlTemplate\":\"https:\\\/\\\/tombstone.mx\\\/?s={search_term_string}\"},\"query-input\":{\"@type\":\"PropertyValueSpecification\",\"valueRequired\":true,\"valueName\":\"search_term_string\"}}],\"inLanguage\":\"es\"},{\"@type\":\"Organization\",\"@id\":\"https:\\\/\\\/tombstone.mx\\\/#organization\",\"name\":\"Tombstone Hats\",\"url\":\"https:\\\/\\\/tombstone.mx\\\/\",\"logo\":{\"@type\":\"ImageObject\",\"inLanguage\":\"es\",\"@id\":\"https:\\\/\\\/tombstone.mx\\\/#\\\/schema\\\/logo\\\/image\\\/\",\"url\":\"https:\\\/\\\/tombstone.mx\\\/wp-content\\\/uploads\\\/2024\\\/02\\\/logo_gral.png\",\"contentUrl\":\"https:\\\/\\\/tombstone.mx\\\/wp-content\\\/uploads\\\/2024\\\/02\\\/logo_gral.png\",\"width\":1000,\"height\":200,\"caption\":\"Tombstone Hats\"},\"image\":{\"@id\":\"https:\\\/\\\/tombstone.mx\\\/#\\\/schema\\\/logo\\\/image\\\/\"},\"sameAs\":[\"https:\\\/\\\/www.facebook.com\\\/TombstoneOfficial\\\/\",\"https:\\\/\\\/www.instagram.com\\\/tombstoneofficial\\\/\"]}]}<\/script>\n<!-- \/ Yoast SEO Premium plugin. -->","yoast_head_json":{"title":"Gorra Ultimate Rodeo T\u00f3tem - Tombstone Hats","robots":{"index":"index","follow":"follow","max-snippet":"max-snippet:-1","max-image-preview":"max-image-preview:large","max-video-preview":"max-video-preview:-1"},"canonical":"https:\/\/tombstone.mx\/index.php\/product\/gorra-tombstone-totem\/","og_locale":"es_ES","og_type":"article","og_title":"Gorra Ultimate Rodeo T\u00f3tem","og_description":"Color: Azul\/ Gris \/ Rojo","og_url":"https:\/\/tombstone.mx\/index.php\/product\/gorra-tombstone-totem\/","og_site_name":"Tombstone Hats","article_publisher":"https:\/\/www.facebook.com\/TombstoneOfficial\/","article_modified_time":"2026-04-23T01:09:54+00:00","og_image":[{"width":1080,"height":1080,"url":"https:\/\/tombstone.mx\/wp-content\/uploads\/2025\/03\/GCTOM20-1.jpg","type":"image\/jpeg"}],"twitter_card":"summary_large_image","twitter_misc":{"Tiempo de lectura":"2 minutos"},"schema":{"@context":"https:\/\/schema.org","@graph":[{"@type":"WebPage","@id":"https:\/\/tombstone.mx\/index.php\/product\/gorra-tombstone-totem\/","url":"https:\/\/tombstone.mx\/index.php\/product\/gorra-tombstone-totem\/","name":"Gorra Ultimate Rodeo T\u00f3tem - Tombstone Hats","isPartOf":{"@id":"https:\/\/tombstone.mx\/#website"},"primaryImageOfPage":{"@id":"https:\/\/tombstone.mx\/index.php\/product\/gorra-tombstone-totem\/#primaryimage"},"image":{"@id":"https:\/\/tombstone.mx\/index.php\/product\/gorra-tombstone-totem\/#primaryimage"},"thumbnailUrl":"https:\/\/tombstone.mx\/wp-content\/uploads\/2025\/03\/GCTOM20-1.jpg","datePublished":"2024-11-04T19:01:01+00:00","dateModified":"2026-04-23T01:09:54+00:00","breadcrumb":{"@id":"https:\/\/tombstone.mx\/index.php\/product\/gorra-tombstone-totem\/#breadcrumb"},"inLanguage":"es","potentialAction":[{"@type":"ReadAction","target":["https:\/\/tombstone.mx\/index.php\/product\/gorra-tombstone-totem\/"]}]},{"@type":"ImageObject","inLanguage":"es","@id":"https:\/\/tombstone.mx\/index.php\/product\/gorra-tombstone-totem\/#primaryimage","url":"https:\/\/tombstone.mx\/wp-content\/uploads\/2025\/03\/GCTOM20-1.jpg","contentUrl":"https:\/\/tombstone.mx\/wp-content\/uploads\/2025\/03\/GCTOM20-1.jpg","width":1080,"height":1080},{"@type":"BreadcrumbList","@id":"https:\/\/tombstone.mx\/index.php\/product\/gorra-tombstone-totem\/#breadcrumb","itemListElement":[{"@type":"ListItem","position":1,"name":"Portada","item":"https:\/\/tombstone.mx\/"},{"@type":"ListItem","position":2,"name":"Shop","item":"https:\/\/tombstone.mx\/index.php\/shop\/"},{"@type":"ListItem","position":3,"name":"Gorra Ultimate Rodeo T\u00f3tem"}]},{"@type":"WebSite","@id":"https:\/\/tombstone.mx\/#website","url":"https:\/\/tombstone.mx\/","name":"Tombstone Hats","description":"Sombreros Tombstone Oficial","publisher":{"@id":"https:\/\/tombstone.mx\/#organization"},"potentialAction":[{"@type":"SearchAction","target":{"@type":"EntryPoint","urlTemplate":"https:\/\/tombstone.mx\/?s={search_term_string}"},"query-input":{"@type":"PropertyValueSpecification","valueRequired":true,"valueName":"search_term_string"}}],"inLanguage":"es"},{"@type":"Organization","@id":"https:\/\/tombstone.mx\/#organization","name":"Tombstone Hats","url":"https:\/\/tombstone.mx\/","logo":{"@type":"ImageObject","inLanguage":"es","@id":"https:\/\/tombstone.mx\/#\/schema\/logo\/image\/","url":"https:\/\/tombstone.mx\/wp-content\/uploads\/2024\/02\/logo_gral.png","contentUrl":"https:\/\/tombstone.mx\/wp-content\/uploads\/2024\/02\/logo_gral.png","width":1000,"height":200,"caption":"Tombstone Hats"},"image":{"@id":"https:\/\/tombstone.mx\/#\/schema\/logo\/image\/"},"sameAs":["https:\/\/www.facebook.com\/TombstoneOfficial\/","https:\/\/www.instagram.com\/tombstoneofficial\/"]}]}},"jetpack_publicize_connections":[],"jetpack_sharing_enabled":true,"_links":{"self":[{"href":"https:\/\/tombstone.mx\/index.php\/wp-json\/wp\/v2\/product\/266863","targetHints":{"allow":["GET"]}}],"collection":[{"href":"https:\/\/tombstone.mx\/index.php\/wp-json\/wp\/v2\/product"}],"about":[{"href":"https:\/\/tombstone.mx\/index.php\/wp-json\/wp\/v2\/types\/product"}],"replies":[{"embeddable":true,"href":"https:\/\/tombstone.mx\/index.php\/wp-json\/wp\/v2\/comments?post=266863"}],"wp:featuredmedia":[{"embeddable":true,"href":"https:\/\/tombstone.mx\/index.php\/wp-json\/wp\/v2\/media\/268426"}],"wp:attachment":[{"href":"https:\/\/tombstone.mx\/index.php\/wp-json\/wp\/v2\/media?parent=266863"}],"wp:term":[{"taxonomy":"product_brand","embeddable":true,"href":"https:\/\/tombstone.mx\/index.php\/wp-json\/wp\/v2\/product_brand?post=266863"},{"taxonomy":"product_cat","embeddable":true,"href":"https:\/\/tombstone.mx\/index.php\/wp-json\/wp\/v2\/product_cat?post=266863"},{"taxonomy":"product_tag","embeddable":true,"href":"https:\/\/tombstone.mx\/index.php\/wp-json\/wp\/v2\/product_tag?post=266863"}],"curies":[{"name":"wp","href":"https:\/\/api.w.org\/{rel}","templated":true}]}}