{"id":265798,"date":"2024-09-09T11:53:20","date_gmt":"2024-09-09T17:53:20","guid":{"rendered":"https:\/\/tombstone.mx\/?post_type=product&#038;p=265798"},"modified":"2024-09-10T16:34:40","modified_gmt":"2024-09-10T22:34:40","slug":"taza-de-cafe-con-grabado-de-talavera-naranja","status":"publish","type":"product","link":"https:\/\/tombstone.mx\/index.php\/product\/taza-de-cafe-con-grabado-de-talavera-naranja\/","title":{"rendered":"Taza de Caf\u00e9 con Grabado de Talavera Naranja"},"content":{"rendered":"<p>La taza de porcelana con grabado de talavera de Tombstone es mucho m\u00e1s que un accesorio para caf\u00e9: es una obra de arte hecha a mano. Inspirada en la rica tradici\u00f3n de la talavera mexicana, cada taza est\u00e1 cuidadosamente decorada con patrones que reflejan siglos de cultura y creatividad.<\/p>\n<p>La porcelana de alta calidad garantiza durabilidad, mientras que el grabado manual asegura que no hay dos tazas iguales, brindando exclusividad a cada pieza. Ideal para los amantes del caf\u00e9 que buscan algo especial, esta taza es el complemento perfecto para tu colecci\u00f3n de cocina. Ya sea que est\u00e9s comenzando el d\u00eda con energ\u00eda o disfrutando de una tarde relajada, la taza Tombstone a\u00f1ade un toque de sofisticaci\u00f3n y encanto artesanal a cada momento.<\/p>\n<p>\u00a1Disfruta de tu bebida favorita en una pieza que captura el esp\u00edritu de la tradici\u00f3n y el estilo contempor\u00e1neo!<\/p>\n","protected":false},"excerpt":{"rendered":"<p>Taza<\/p>\n<p>Grabado de talavera color naranja<\/p>\n<p>Capacidad: 250ml<\/p>\n","protected":false},"featured_media":265793,"comment_status":"open","ping_status":"closed","template":"","meta":{"_et_pb_use_builder":"","_et_pb_old_content":"","_et_gb_content_width":"","_joinchat":[],"jetpack_publicize_message":"","jetpack_publicize_feature_enabled":true,"jetpack_social_post_already_shared":false,"jetpack_social_options":{"image_generator_settings":{"template":"highway","default_image_id":0,"font":"","enabled":false},"version":2}},"product_brand":[],"product_cat":[258],"product_tag":[259],"class_list":{"0":"post-265798","1":"product","2":"type-product","3":"status-publish","4":"has-post-thumbnail","6":"product_cat-bebida","7":"product_tag-bebida","9":"first","10":"instock","11":"taxable","12":"shipping-taxable","13":"purchasable","14":"product-type-simple"},"yoast_head":"<!-- This site is optimized with the Yoast SEO Premium plugin v27.3 (Yoast SEO v27.3) - https:\/\/yoast.com\/product\/yoast-seo-premium-wordpress\/ -->\n<title>Taza de Caf\u00e9 con Grabado de Talavera Naranja - Tombstone Hats<\/title>\n<meta name=\"robots\" content=\"index, follow, max-snippet:-1, max-image-preview:large, max-video-preview:-1\" \/>\n<link rel=\"canonical\" href=\"https:\/\/tombstone.mx\/index.php\/product\/taza-de-cafe-con-grabado-de-talavera-naranja\/\" \/>\n<meta property=\"og:locale\" content=\"es_ES\" \/>\n<meta property=\"og:type\" content=\"article\" \/>\n<meta property=\"og:title\" content=\"Taza de Caf\u00e9 con Grabado de Talavera Naranja\" \/>\n<meta property=\"og:description\" content=\"Taza  Grabado de talavera color naranja  Capacidad: 250ml\" \/>\n<meta property=\"og:url\" content=\"https:\/\/tombstone.mx\/index.php\/product\/taza-de-cafe-con-grabado-de-talavera-naranja\/\" \/>\n<meta property=\"og:site_name\" content=\"Tombstone Hats\" \/>\n<meta property=\"article:publisher\" content=\"https:\/\/www.facebook.com\/TombstoneOfficial\/\" \/>\n<meta property=\"article:modified_time\" content=\"2024-09-10T22:34:40+00:00\" \/>\n<meta property=\"og:image\" content=\"https:\/\/tombstone.mx\/wp-content\/uploads\/2024\/09\/TAVERATANARNAUN-1.jpg\" \/>\n\t<meta property=\"og:image:width\" content=\"1080\" \/>\n\t<meta property=\"og:image:height\" content=\"1080\" \/>\n\t<meta property=\"og:image:type\" content=\"image\/jpeg\" \/>\n<meta name=\"twitter:card\" content=\"summary_large_image\" \/>\n<meta name=\"twitter:label1\" content=\"Tiempo de lectura\" \/>\n\t<meta name=\"twitter:data1\" content=\"1 minuto\" \/>\n<script type=\"application\/ld+json\" class=\"yoast-schema-graph\">{\"@context\":\"https:\\\/\\\/schema.org\",\"@graph\":[{\"@type\":\"WebPage\",\"@id\":\"https:\\\/\\\/tombstone.mx\\\/index.php\\\/product\\\/taza-de-cafe-con-grabado-de-talavera-naranja\\\/\",\"url\":\"https:\\\/\\\/tombstone.mx\\\/index.php\\\/product\\\/taza-de-cafe-con-grabado-de-talavera-naranja\\\/\",\"name\":\"Taza de Caf\u00e9 con Grabado de Talavera Naranja - Tombstone Hats\",\"isPartOf\":{\"@id\":\"https:\\\/\\\/tombstone.mx\\\/#website\"},\"primaryImageOfPage\":{\"@id\":\"https:\\\/\\\/tombstone.mx\\\/index.php\\\/product\\\/taza-de-cafe-con-grabado-de-talavera-naranja\\\/#primaryimage\"},\"image\":{\"@id\":\"https:\\\/\\\/tombstone.mx\\\/index.php\\\/product\\\/taza-de-cafe-con-grabado-de-talavera-naranja\\\/#primaryimage\"},\"thumbnailUrl\":\"https:\\\/\\\/tombstone.mx\\\/wp-content\\\/uploads\\\/2024\\\/09\\\/TAVERATANARNAUN-1.jpg\",\"datePublished\":\"2024-09-09T17:53:20+00:00\",\"dateModified\":\"2024-09-10T22:34:40+00:00\",\"breadcrumb\":{\"@id\":\"https:\\\/\\\/tombstone.mx\\\/index.php\\\/product\\\/taza-de-cafe-con-grabado-de-talavera-naranja\\\/#breadcrumb\"},\"inLanguage\":\"es\",\"potentialAction\":[{\"@type\":\"ReadAction\",\"target\":[\"https:\\\/\\\/tombstone.mx\\\/index.php\\\/product\\\/taza-de-cafe-con-grabado-de-talavera-naranja\\\/\"]}]},{\"@type\":\"ImageObject\",\"inLanguage\":\"es\",\"@id\":\"https:\\\/\\\/tombstone.mx\\\/index.php\\\/product\\\/taza-de-cafe-con-grabado-de-talavera-naranja\\\/#primaryimage\",\"url\":\"https:\\\/\\\/tombstone.mx\\\/wp-content\\\/uploads\\\/2024\\\/09\\\/TAVERATANARNAUN-1.jpg\",\"contentUrl\":\"https:\\\/\\\/tombstone.mx\\\/wp-content\\\/uploads\\\/2024\\\/09\\\/TAVERATANARNAUN-1.jpg\",\"width\":1080,\"height\":1080},{\"@type\":\"BreadcrumbList\",\"@id\":\"https:\\\/\\\/tombstone.mx\\\/index.php\\\/product\\\/taza-de-cafe-con-grabado-de-talavera-naranja\\\/#breadcrumb\",\"itemListElement\":[{\"@type\":\"ListItem\",\"position\":1,\"name\":\"Portada\",\"item\":\"https:\\\/\\\/tombstone.mx\\\/\"},{\"@type\":\"ListItem\",\"position\":2,\"name\":\"Shop\",\"item\":\"https:\\\/\\\/tombstone.mx\\\/index.php\\\/shop\\\/\"},{\"@type\":\"ListItem\",\"position\":3,\"name\":\"Taza de Caf\u00e9 con Grabado de Talavera Naranja\"}]},{\"@type\":\"WebSite\",\"@id\":\"https:\\\/\\\/tombstone.mx\\\/#website\",\"url\":\"https:\\\/\\\/tombstone.mx\\\/\",\"name\":\"Tombstone Hats\",\"description\":\"Sombreros Tombstone Oficial\",\"publisher\":{\"@id\":\"https:\\\/\\\/tombstone.mx\\\/#organization\"},\"potentialAction\":[{\"@type\":\"SearchAction\",\"target\":{\"@type\":\"EntryPoint\",\"urlTemplate\":\"https:\\\/\\\/tombstone.mx\\\/?s={search_term_string}\"},\"query-input\":{\"@type\":\"PropertyValueSpecification\",\"valueRequired\":true,\"valueName\":\"search_term_string\"}}],\"inLanguage\":\"es\"},{\"@type\":\"Organization\",\"@id\":\"https:\\\/\\\/tombstone.mx\\\/#organization\",\"name\":\"Tombstone Hats\",\"url\":\"https:\\\/\\\/tombstone.mx\\\/\",\"logo\":{\"@type\":\"ImageObject\",\"inLanguage\":\"es\",\"@id\":\"https:\\\/\\\/tombstone.mx\\\/#\\\/schema\\\/logo\\\/image\\\/\",\"url\":\"https:\\\/\\\/tombstone.mx\\\/wp-content\\\/uploads\\\/2024\\\/02\\\/logo_gral.png\",\"contentUrl\":\"https:\\\/\\\/tombstone.mx\\\/wp-content\\\/uploads\\\/2024\\\/02\\\/logo_gral.png\",\"width\":1000,\"height\":200,\"caption\":\"Tombstone Hats\"},\"image\":{\"@id\":\"https:\\\/\\\/tombstone.mx\\\/#\\\/schema\\\/logo\\\/image\\\/\"},\"sameAs\":[\"https:\\\/\\\/www.facebook.com\\\/TombstoneOfficial\\\/\",\"https:\\\/\\\/www.instagram.com\\\/tombstoneofficial\\\/\"]}]}<\/script>\n<!-- \/ Yoast SEO Premium plugin. -->","yoast_head_json":{"title":"Taza de Caf\u00e9 con Grabado de Talavera Naranja - Tombstone Hats","robots":{"index":"index","follow":"follow","max-snippet":"max-snippet:-1","max-image-preview":"max-image-preview:large","max-video-preview":"max-video-preview:-1"},"canonical":"https:\/\/tombstone.mx\/index.php\/product\/taza-de-cafe-con-grabado-de-talavera-naranja\/","og_locale":"es_ES","og_type":"article","og_title":"Taza de Caf\u00e9 con Grabado de Talavera Naranja","og_description":"Taza  Grabado de talavera color naranja  Capacidad: 250ml","og_url":"https:\/\/tombstone.mx\/index.php\/product\/taza-de-cafe-con-grabado-de-talavera-naranja\/","og_site_name":"Tombstone Hats","article_publisher":"https:\/\/www.facebook.com\/TombstoneOfficial\/","article_modified_time":"2024-09-10T22:34:40+00:00","og_image":[{"width":1080,"height":1080,"url":"https:\/\/tombstone.mx\/wp-content\/uploads\/2024\/09\/TAVERATANARNAUN-1.jpg","type":"image\/jpeg"}],"twitter_card":"summary_large_image","twitter_misc":{"Tiempo de lectura":"1 minuto"},"schema":{"@context":"https:\/\/schema.org","@graph":[{"@type":"WebPage","@id":"https:\/\/tombstone.mx\/index.php\/product\/taza-de-cafe-con-grabado-de-talavera-naranja\/","url":"https:\/\/tombstone.mx\/index.php\/product\/taza-de-cafe-con-grabado-de-talavera-naranja\/","name":"Taza de Caf\u00e9 con Grabado de Talavera Naranja - Tombstone Hats","isPartOf":{"@id":"https:\/\/tombstone.mx\/#website"},"primaryImageOfPage":{"@id":"https:\/\/tombstone.mx\/index.php\/product\/taza-de-cafe-con-grabado-de-talavera-naranja\/#primaryimage"},"image":{"@id":"https:\/\/tombstone.mx\/index.php\/product\/taza-de-cafe-con-grabado-de-talavera-naranja\/#primaryimage"},"thumbnailUrl":"https:\/\/tombstone.mx\/wp-content\/uploads\/2024\/09\/TAVERATANARNAUN-1.jpg","datePublished":"2024-09-09T17:53:20+00:00","dateModified":"2024-09-10T22:34:40+00:00","breadcrumb":{"@id":"https:\/\/tombstone.mx\/index.php\/product\/taza-de-cafe-con-grabado-de-talavera-naranja\/#breadcrumb"},"inLanguage":"es","potentialAction":[{"@type":"ReadAction","target":["https:\/\/tombstone.mx\/index.php\/product\/taza-de-cafe-con-grabado-de-talavera-naranja\/"]}]},{"@type":"ImageObject","inLanguage":"es","@id":"https:\/\/tombstone.mx\/index.php\/product\/taza-de-cafe-con-grabado-de-talavera-naranja\/#primaryimage","url":"https:\/\/tombstone.mx\/wp-content\/uploads\/2024\/09\/TAVERATANARNAUN-1.jpg","contentUrl":"https:\/\/tombstone.mx\/wp-content\/uploads\/2024\/09\/TAVERATANARNAUN-1.jpg","width":1080,"height":1080},{"@type":"BreadcrumbList","@id":"https:\/\/tombstone.mx\/index.php\/product\/taza-de-cafe-con-grabado-de-talavera-naranja\/#breadcrumb","itemListElement":[{"@type":"ListItem","position":1,"name":"Portada","item":"https:\/\/tombstone.mx\/"},{"@type":"ListItem","position":2,"name":"Shop","item":"https:\/\/tombstone.mx\/index.php\/shop\/"},{"@type":"ListItem","position":3,"name":"Taza de Caf\u00e9 con Grabado de Talavera Naranja"}]},{"@type":"WebSite","@id":"https:\/\/tombstone.mx\/#website","url":"https:\/\/tombstone.mx\/","name":"Tombstone Hats","description":"Sombreros Tombstone Oficial","publisher":{"@id":"https:\/\/tombstone.mx\/#organization"},"potentialAction":[{"@type":"SearchAction","target":{"@type":"EntryPoint","urlTemplate":"https:\/\/tombstone.mx\/?s={search_term_string}"},"query-input":{"@type":"PropertyValueSpecification","valueRequired":true,"valueName":"search_term_string"}}],"inLanguage":"es"},{"@type":"Organization","@id":"https:\/\/tombstone.mx\/#organization","name":"Tombstone Hats","url":"https:\/\/tombstone.mx\/","logo":{"@type":"ImageObject","inLanguage":"es","@id":"https:\/\/tombstone.mx\/#\/schema\/logo\/image\/","url":"https:\/\/tombstone.mx\/wp-content\/uploads\/2024\/02\/logo_gral.png","contentUrl":"https:\/\/tombstone.mx\/wp-content\/uploads\/2024\/02\/logo_gral.png","width":1000,"height":200,"caption":"Tombstone Hats"},"image":{"@id":"https:\/\/tombstone.mx\/#\/schema\/logo\/image\/"},"sameAs":["https:\/\/www.facebook.com\/TombstoneOfficial\/","https:\/\/www.instagram.com\/tombstoneofficial\/"]}]}},"jetpack_publicize_connections":[],"jetpack_sharing_enabled":true,"_links":{"self":[{"href":"https:\/\/tombstone.mx\/index.php\/wp-json\/wp\/v2\/product\/265798","targetHints":{"allow":["GET"]}}],"collection":[{"href":"https:\/\/tombstone.mx\/index.php\/wp-json\/wp\/v2\/product"}],"about":[{"href":"https:\/\/tombstone.mx\/index.php\/wp-json\/wp\/v2\/types\/product"}],"replies":[{"embeddable":true,"href":"https:\/\/tombstone.mx\/index.php\/wp-json\/wp\/v2\/comments?post=265798"}],"wp:featuredmedia":[{"embeddable":true,"href":"https:\/\/tombstone.mx\/index.php\/wp-json\/wp\/v2\/media\/265793"}],"wp:attachment":[{"href":"https:\/\/tombstone.mx\/index.php\/wp-json\/wp\/v2\/media?parent=265798"}],"wp:term":[{"taxonomy":"product_brand","embeddable":true,"href":"https:\/\/tombstone.mx\/index.php\/wp-json\/wp\/v2\/product_brand?post=265798"},{"taxonomy":"product_cat","embeddable":true,"href":"https:\/\/tombstone.mx\/index.php\/wp-json\/wp\/v2\/product_cat?post=265798"},{"taxonomy":"product_tag","embeddable":true,"href":"https:\/\/tombstone.mx\/index.php\/wp-json\/wp\/v2\/product_tag?post=265798"}],"curies":[{"name":"wp","href":"https:\/\/api.w.org\/{rel}","templated":true}]}}