{"id":263212,"date":"2024-05-13T15:55:38","date_gmt":"2024-05-13T21:55:38","guid":{"rendered":"https:\/\/tombstone.mx\/?post_type=product&#038;p=263212"},"modified":"2026-04-01T11:39:16","modified_gmt":"2026-04-01T17:39:16","slug":"este-oeste-bangora-bicolor-natural-cafe","status":"publish","type":"product","link":"https:\/\/tombstone.mx\/index.php\/product\/este-oeste-bangora-bicolor-natural-cafe\/","title":{"rendered":"Este Oeste Bangora Bicolor Natural\/ Caf\u00e9 R-03"},"content":{"rendered":"<p>En TOMBSTONE estamos comprometidos por ofrecer productos de calidad y confort para nuestros clientes y en esta ocasi\u00f3n te traemos este sombrero elaborado con 100% paja papel, cuenta con dos colores, natural y caf\u00e9 el cual es tejido a mano por nuestros artesanos. Le dar\u00e1 a su portador distinci\u00f3n y un estilo de vida \u00fanico y especial.<\/p>\n<p>A su vez nuestro estilo \u00abESTE OESTE\u00bb cuenta con una toquilla de cuero, y con falda de 10.5 cm y la medida de su copa es de 11 cm, en el interior cuenta con un tafilete sint\u00e9tico con un dise\u00f1o especial y \u00fanico de la horma.<\/p>\n<p>Su env\u00edo es completamente gratis, incluye una caja especial de colecci\u00f3n, un certificado de autenticaci\u00f3n personalizado de quien portara de este sombrero especial y un regalo como agradecimiento por formar parte de nuestra comunidad y disfrutar de esta magn\u00edfica experiencia desde 1968.<\/p>\n","protected":false},"excerpt":{"rendered":"<p>Calidad: 10X<\/p>\n<p>Color: bicolor<\/p>\n<p>Horma: este oeste<\/p>\n<p>copa: 11 cm<\/p>\n<p>Falda: 10.5 cm<\/p>\n<p>Toquilla: triplay<\/p>\n<p>Tafilete: sint\u00e9tico<\/p>\n","protected":false},"featured_media":263211,"comment_status":"open","ping_status":"closed","template":"","meta":{"_et_pb_use_builder":"","_et_pb_old_content":"","_et_gb_content_width":"","_joinchat":[],"jetpack_publicize_message":"","jetpack_publicize_feature_enabled":true,"jetpack_social_post_already_shared":false,"jetpack_social_options":{"image_generator_settings":{"template":"highway","default_image_id":0,"font":"","enabled":false},"version":2}},"product_brand":[],"product_cat":[66,65,98,62],"product_tag":[68,67,53,24,32,23],"class_list":{"0":"post-263212","1":"product","2":"type-product","3":"status-publish","4":"has-post-thumbnail","6":"product_cat-bangora_10x","7":"product_cat-calidad","8":"product_cat-este_oeste-sombrero","9":"product_cat-sombrero","10":"product_tag-10x","11":"product_tag-bangora","12":"product_tag-este_oeste","13":"product_tag-hombre","14":"product_tag-mujer","15":"product_tag-sombreros","17":"first","18":"instock","19":"taxable","20":"shipping-taxable","21":"purchasable","22":"product-type-variable"},"yoast_head":"<!-- This site is optimized with the Yoast SEO Premium plugin v27.3 (Yoast SEO v27.3) - https:\/\/yoast.com\/product\/yoast-seo-premium-wordpress\/ -->\n<title>Este Oeste Bangora Bicolor Natural\/ Caf\u00e9 R-03 - Tombstone Hats<\/title>\n<meta name=\"robots\" content=\"index, follow, max-snippet:-1, max-image-preview:large, max-video-preview:-1\" \/>\n<link rel=\"canonical\" href=\"https:\/\/tombstone.mx\/index.php\/product\/este-oeste-bangora-bicolor-natural-cafe\/\" \/>\n<meta property=\"og:locale\" content=\"es_ES\" \/>\n<meta property=\"og:type\" content=\"article\" \/>\n<meta property=\"og:title\" content=\"Este Oeste Bangora Bicolor Natural\/ Caf\u00e9 R-03\" \/>\n<meta property=\"og:description\" content=\"Calidad: 10X  Color: bicolor  Horma: este oeste  copa: 11 cm  Falda: 10.5 cm  Toquilla: triplay  Tafilete: sint\u00e9tico\" \/>\n<meta property=\"og:url\" content=\"https:\/\/tombstone.mx\/index.php\/product\/este-oeste-bangora-bicolor-natural-cafe\/\" \/>\n<meta property=\"og:site_name\" content=\"Tombstone Hats\" \/>\n<meta property=\"article:publisher\" content=\"https:\/\/www.facebook.com\/TombstoneOfficial\/\" \/>\n<meta property=\"article:modified_time\" content=\"2026-04-01T17:39:16+00:00\" \/>\n<meta property=\"og:image\" content=\"https:\/\/tombstone.mx\/wp-content\/uploads\/2024\/05\/SOESTE00102XX-1.jpg\" \/>\n\t<meta property=\"og:image:width\" content=\"1080\" \/>\n\t<meta property=\"og:image:height\" content=\"1080\" \/>\n\t<meta property=\"og:image:type\" content=\"image\/jpeg\" \/>\n<meta name=\"twitter:card\" content=\"summary_large_image\" \/>\n<meta name=\"twitter:label1\" content=\"Tiempo de lectura\" \/>\n\t<meta name=\"twitter:data1\" content=\"1 minuto\" \/>\n<script type=\"application\/ld+json\" class=\"yoast-schema-graph\">{\"@context\":\"https:\\\/\\\/schema.org\",\"@graph\":[{\"@type\":\"WebPage\",\"@id\":\"https:\\\/\\\/tombstone.mx\\\/index.php\\\/product\\\/este-oeste-bangora-bicolor-natural-cafe\\\/\",\"url\":\"https:\\\/\\\/tombstone.mx\\\/index.php\\\/product\\\/este-oeste-bangora-bicolor-natural-cafe\\\/\",\"name\":\"Este Oeste Bangora Bicolor Natural\\\/ Caf\u00e9 R-03 - Tombstone Hats\",\"isPartOf\":{\"@id\":\"https:\\\/\\\/tombstone.mx\\\/#website\"},\"primaryImageOfPage\":{\"@id\":\"https:\\\/\\\/tombstone.mx\\\/index.php\\\/product\\\/este-oeste-bangora-bicolor-natural-cafe\\\/#primaryimage\"},\"image\":{\"@id\":\"https:\\\/\\\/tombstone.mx\\\/index.php\\\/product\\\/este-oeste-bangora-bicolor-natural-cafe\\\/#primaryimage\"},\"thumbnailUrl\":\"https:\\\/\\\/tombstone.mx\\\/wp-content\\\/uploads\\\/2024\\\/05\\\/SOESTE00102XX-1.jpg\",\"datePublished\":\"2024-05-13T21:55:38+00:00\",\"dateModified\":\"2026-04-01T17:39:16+00:00\",\"breadcrumb\":{\"@id\":\"https:\\\/\\\/tombstone.mx\\\/index.php\\\/product\\\/este-oeste-bangora-bicolor-natural-cafe\\\/#breadcrumb\"},\"inLanguage\":\"es\",\"potentialAction\":[{\"@type\":\"ReadAction\",\"target\":[\"https:\\\/\\\/tombstone.mx\\\/index.php\\\/product\\\/este-oeste-bangora-bicolor-natural-cafe\\\/\"]}]},{\"@type\":\"ImageObject\",\"inLanguage\":\"es\",\"@id\":\"https:\\\/\\\/tombstone.mx\\\/index.php\\\/product\\\/este-oeste-bangora-bicolor-natural-cafe\\\/#primaryimage\",\"url\":\"https:\\\/\\\/tombstone.mx\\\/wp-content\\\/uploads\\\/2024\\\/05\\\/SOESTE00102XX-1.jpg\",\"contentUrl\":\"https:\\\/\\\/tombstone.mx\\\/wp-content\\\/uploads\\\/2024\\\/05\\\/SOESTE00102XX-1.jpg\",\"width\":1080,\"height\":1080},{\"@type\":\"BreadcrumbList\",\"@id\":\"https:\\\/\\\/tombstone.mx\\\/index.php\\\/product\\\/este-oeste-bangora-bicolor-natural-cafe\\\/#breadcrumb\",\"itemListElement\":[{\"@type\":\"ListItem\",\"position\":1,\"name\":\"Portada\",\"item\":\"https:\\\/\\\/tombstone.mx\\\/\"},{\"@type\":\"ListItem\",\"position\":2,\"name\":\"Shop\",\"item\":\"https:\\\/\\\/tombstone.mx\\\/index.php\\\/shop\\\/\"},{\"@type\":\"ListItem\",\"position\":3,\"name\":\"Este Oeste Bangora Bicolor Natural\\\/ Caf\u00e9 R-03\"}]},{\"@type\":\"WebSite\",\"@id\":\"https:\\\/\\\/tombstone.mx\\\/#website\",\"url\":\"https:\\\/\\\/tombstone.mx\\\/\",\"name\":\"Tombstone Hats\",\"description\":\"Sombreros Tombstone Oficial\",\"publisher\":{\"@id\":\"https:\\\/\\\/tombstone.mx\\\/#organization\"},\"potentialAction\":[{\"@type\":\"SearchAction\",\"target\":{\"@type\":\"EntryPoint\",\"urlTemplate\":\"https:\\\/\\\/tombstone.mx\\\/?s={search_term_string}\"},\"query-input\":{\"@type\":\"PropertyValueSpecification\",\"valueRequired\":true,\"valueName\":\"search_term_string\"}}],\"inLanguage\":\"es\"},{\"@type\":\"Organization\",\"@id\":\"https:\\\/\\\/tombstone.mx\\\/#organization\",\"name\":\"Tombstone Hats\",\"url\":\"https:\\\/\\\/tombstone.mx\\\/\",\"logo\":{\"@type\":\"ImageObject\",\"inLanguage\":\"es\",\"@id\":\"https:\\\/\\\/tombstone.mx\\\/#\\\/schema\\\/logo\\\/image\\\/\",\"url\":\"https:\\\/\\\/tombstone.mx\\\/wp-content\\\/uploads\\\/2024\\\/02\\\/logo_gral.png\",\"contentUrl\":\"https:\\\/\\\/tombstone.mx\\\/wp-content\\\/uploads\\\/2024\\\/02\\\/logo_gral.png\",\"width\":1000,\"height\":200,\"caption\":\"Tombstone Hats\"},\"image\":{\"@id\":\"https:\\\/\\\/tombstone.mx\\\/#\\\/schema\\\/logo\\\/image\\\/\"},\"sameAs\":[\"https:\\\/\\\/www.facebook.com\\\/TombstoneOfficial\\\/\",\"https:\\\/\\\/www.instagram.com\\\/tombstoneofficial\\\/\"]}]}<\/script>\n<!-- \/ Yoast SEO Premium plugin. -->","yoast_head_json":{"title":"Este Oeste Bangora Bicolor Natural\/ Caf\u00e9 R-03 - Tombstone Hats","robots":{"index":"index","follow":"follow","max-snippet":"max-snippet:-1","max-image-preview":"max-image-preview:large","max-video-preview":"max-video-preview:-1"},"canonical":"https:\/\/tombstone.mx\/index.php\/product\/este-oeste-bangora-bicolor-natural-cafe\/","og_locale":"es_ES","og_type":"article","og_title":"Este Oeste Bangora Bicolor Natural\/ Caf\u00e9 R-03","og_description":"Calidad: 10X  Color: bicolor  Horma: este oeste  copa: 11 cm  Falda: 10.5 cm  Toquilla: triplay  Tafilete: sint\u00e9tico","og_url":"https:\/\/tombstone.mx\/index.php\/product\/este-oeste-bangora-bicolor-natural-cafe\/","og_site_name":"Tombstone Hats","article_publisher":"https:\/\/www.facebook.com\/TombstoneOfficial\/","article_modified_time":"2026-04-01T17:39:16+00:00","og_image":[{"width":1080,"height":1080,"url":"https:\/\/tombstone.mx\/wp-content\/uploads\/2024\/05\/SOESTE00102XX-1.jpg","type":"image\/jpeg"}],"twitter_card":"summary_large_image","twitter_misc":{"Tiempo de lectura":"1 minuto"},"schema":{"@context":"https:\/\/schema.org","@graph":[{"@type":"WebPage","@id":"https:\/\/tombstone.mx\/index.php\/product\/este-oeste-bangora-bicolor-natural-cafe\/","url":"https:\/\/tombstone.mx\/index.php\/product\/este-oeste-bangora-bicolor-natural-cafe\/","name":"Este Oeste Bangora Bicolor Natural\/ Caf\u00e9 R-03 - Tombstone Hats","isPartOf":{"@id":"https:\/\/tombstone.mx\/#website"},"primaryImageOfPage":{"@id":"https:\/\/tombstone.mx\/index.php\/product\/este-oeste-bangora-bicolor-natural-cafe\/#primaryimage"},"image":{"@id":"https:\/\/tombstone.mx\/index.php\/product\/este-oeste-bangora-bicolor-natural-cafe\/#primaryimage"},"thumbnailUrl":"https:\/\/tombstone.mx\/wp-content\/uploads\/2024\/05\/SOESTE00102XX-1.jpg","datePublished":"2024-05-13T21:55:38+00:00","dateModified":"2026-04-01T17:39:16+00:00","breadcrumb":{"@id":"https:\/\/tombstone.mx\/index.php\/product\/este-oeste-bangora-bicolor-natural-cafe\/#breadcrumb"},"inLanguage":"es","potentialAction":[{"@type":"ReadAction","target":["https:\/\/tombstone.mx\/index.php\/product\/este-oeste-bangora-bicolor-natural-cafe\/"]}]},{"@type":"ImageObject","inLanguage":"es","@id":"https:\/\/tombstone.mx\/index.php\/product\/este-oeste-bangora-bicolor-natural-cafe\/#primaryimage","url":"https:\/\/tombstone.mx\/wp-content\/uploads\/2024\/05\/SOESTE00102XX-1.jpg","contentUrl":"https:\/\/tombstone.mx\/wp-content\/uploads\/2024\/05\/SOESTE00102XX-1.jpg","width":1080,"height":1080},{"@type":"BreadcrumbList","@id":"https:\/\/tombstone.mx\/index.php\/product\/este-oeste-bangora-bicolor-natural-cafe\/#breadcrumb","itemListElement":[{"@type":"ListItem","position":1,"name":"Portada","item":"https:\/\/tombstone.mx\/"},{"@type":"ListItem","position":2,"name":"Shop","item":"https:\/\/tombstone.mx\/index.php\/shop\/"},{"@type":"ListItem","position":3,"name":"Este Oeste Bangora Bicolor Natural\/ Caf\u00e9 R-03"}]},{"@type":"WebSite","@id":"https:\/\/tombstone.mx\/#website","url":"https:\/\/tombstone.mx\/","name":"Tombstone Hats","description":"Sombreros Tombstone Oficial","publisher":{"@id":"https:\/\/tombstone.mx\/#organization"},"potentialAction":[{"@type":"SearchAction","target":{"@type":"EntryPoint","urlTemplate":"https:\/\/tombstone.mx\/?s={search_term_string}"},"query-input":{"@type":"PropertyValueSpecification","valueRequired":true,"valueName":"search_term_string"}}],"inLanguage":"es"},{"@type":"Organization","@id":"https:\/\/tombstone.mx\/#organization","name":"Tombstone Hats","url":"https:\/\/tombstone.mx\/","logo":{"@type":"ImageObject","inLanguage":"es","@id":"https:\/\/tombstone.mx\/#\/schema\/logo\/image\/","url":"https:\/\/tombstone.mx\/wp-content\/uploads\/2024\/02\/logo_gral.png","contentUrl":"https:\/\/tombstone.mx\/wp-content\/uploads\/2024\/02\/logo_gral.png","width":1000,"height":200,"caption":"Tombstone Hats"},"image":{"@id":"https:\/\/tombstone.mx\/#\/schema\/logo\/image\/"},"sameAs":["https:\/\/www.facebook.com\/TombstoneOfficial\/","https:\/\/www.instagram.com\/tombstoneofficial\/"]}]}},"jetpack_publicize_connections":[],"jetpack_sharing_enabled":true,"_links":{"self":[{"href":"https:\/\/tombstone.mx\/index.php\/wp-json\/wp\/v2\/product\/263212","targetHints":{"allow":["GET"]}}],"collection":[{"href":"https:\/\/tombstone.mx\/index.php\/wp-json\/wp\/v2\/product"}],"about":[{"href":"https:\/\/tombstone.mx\/index.php\/wp-json\/wp\/v2\/types\/product"}],"replies":[{"embeddable":true,"href":"https:\/\/tombstone.mx\/index.php\/wp-json\/wp\/v2\/comments?post=263212"}],"wp:featuredmedia":[{"embeddable":true,"href":"https:\/\/tombstone.mx\/index.php\/wp-json\/wp\/v2\/media\/263211"}],"wp:attachment":[{"href":"https:\/\/tombstone.mx\/index.php\/wp-json\/wp\/v2\/media?parent=263212"}],"wp:term":[{"taxonomy":"product_brand","embeddable":true,"href":"https:\/\/tombstone.mx\/index.php\/wp-json\/wp\/v2\/product_brand?post=263212"},{"taxonomy":"product_cat","embeddable":true,"href":"https:\/\/tombstone.mx\/index.php\/wp-json\/wp\/v2\/product_cat?post=263212"},{"taxonomy":"product_tag","embeddable":true,"href":"https:\/\/tombstone.mx\/index.php\/wp-json\/wp\/v2\/product_tag?post=263212"}],"curies":[{"name":"wp","href":"https:\/\/api.w.org\/{rel}","templated":true}]}}