{"id":262402,"date":"2024-04-01T10:13:12","date_gmt":"2024-04-01T16:13:12","guid":{"rendered":"https:\/\/tombstone.mx\/?post_type=product&#038;p=262402"},"modified":"2026-03-10T15:13:38","modified_gmt":"2026-03-10T21:13:38","slug":"texana-maverick-negra","status":"publish","type":"product","link":"https:\/\/tombstone.mx\/index.php\/product\/texana-maverick-negra\/","title":{"rendered":"20 Estrellas Lana Texana Maverick Negra"},"content":{"rendered":"<p>Descubre la esencia del aut\u00e9ntico estilo western con las texanas de la marca Tombstone. Cada pieza es una obra maestra, dise\u00f1ada para quienes valoran la calidad y el prestigio. Inspirados en la rica tradici\u00f3n del Viejo Oeste, estos sombreros son m\u00e1s que un simple accesorio: son una declaraci\u00f3n de identidad y buen gusto.<\/p>\n<p>Confeccionados con materiales de la m\u00e1s alta calidad, las texanas Tombstone se distinguen por su durabilidad y elegancia. Cada detalle est\u00e1 cuidadosamente elaborado, desde el ala perfectamente moldeada hasta la cinta decorativa que agrega un toque de distinci\u00f3n. Al portar una texana Tombstone, te envuelves en una aura de sofisticaci\u00f3n que no pasa desapercibida.<\/p>\n<p>Perfectos para cualquier ocasi\u00f3n, esta texana son ideales tanto para una jornada en el campo como para eventos sociales donde quieras destacar. Su dise\u00f1o \u00fanico captura la esencia del esp\u00edritu vaquero, combinando tradici\u00f3n con un estilo contempor\u00e1neo que se adapta a cualquier atuendo. Con Tombstone, llevas contigo una pieza de historia y cultura, convirti\u00e9ndote en el centro de atenci\u00f3n en cualquier lugar.<\/p>\n<p>No se trata solo de llevar un sombrero, sino de vivir una experiencia. Las texanas Tombstone son el complemento perfecto para aquellos que buscan destacar con elegancia y autenticidad. Atr\u00e9vete a marcar la diferencia y a sentirte como una verdadera leyenda del Oeste. Con Tombstone, cada d\u00eda es una oportunidad para lucir lo mejor de ti mismo.<\/p>\n<p>A su vez nuestro estilo \u00abMaverick\u00bb cuenta con una toquilla de lana de borrego y un herraje plata, y con falda de 10.5 cm y la medida de su copa es de 11.5 cm, en el interior cuenta con un tafilete sint\u00e9tico con un dise\u00f1o especial y \u00fanico de la horma.<\/p>\n<p>Su env\u00edo es completamente gratis, incluye una caja especial de colecci\u00f3n, un certificado de autenticaci\u00f3n personalizado de quien portara de esta texana especial y un regalo como agradecimiento por formar parte de nuestra comunidad y disfrutar de esta magnifica experiencia desde 1968<\/p>\n","protected":false},"excerpt":{"rendered":"<p>Calidad: 20 estrellas<\/p>\n<p>Color: negra<\/p>\n<p>Horma: Maverick<\/p>\n<p>copa: 10.5 cm<\/p>\n<p>Falda: 10.5 cm<\/p>\n<p>Toquilla: lana de borrego<\/p>\n<p>Tafilete: sint\u00e9tico<\/p>\n","protected":false},"featured_media":262421,"comment_status":"open","ping_status":"closed","template":"","meta":{"_et_pb_use_builder":"","_et_pb_old_content":"","_et_gb_content_width":"","_joinchat":[],"jetpack_publicize_message":"","jetpack_publicize_feature_enabled":true,"jetpack_social_post_already_shared":false,"jetpack_social_options":{"image_generator_settings":{"template":"highway","default_image_id":0,"font":"","enabled":false},"version":2}},"product_brand":[],"product_cat":[280,279,169,57,170,19],"product_tag":[34,24,33,58,32,39,21],"class_list":{"0":"post-262402","1":"product","2":"type-product","3":"status-publish","4":"has-post-thumbnail","6":"product_cat-20_estrellas","7":"product_cat-calidad_texana","8":"product_cat-color","9":"product_cat-maverick","10":"product_cat-negra","11":"product_cat-texana","12":"product_tag-20_estrellas","13":"product_tag-hombre","14":"product_tag-lana","15":"product_tag-maverick","16":"product_tag-mujer","17":"product_tag-negra","18":"product_tag-texana","20":"first","21":"instock","22":"taxable","23":"shipping-taxable","24":"purchasable","25":"product-type-variable"},"yoast_head":"<!-- This site is optimized with the Yoast SEO Premium plugin v27.3 (Yoast SEO v27.3) - https:\/\/yoast.com\/product\/yoast-seo-premium-wordpress\/ -->\n<title>20 Estrellas Lana Texana Maverick Negra - Tombstone Hats<\/title>\n<meta name=\"robots\" content=\"index, follow, max-snippet:-1, max-image-preview:large, max-video-preview:-1\" \/>\n<link rel=\"canonical\" href=\"https:\/\/tombstone.mx\/index.php\/product\/texana-maverick-negra\/\" \/>\n<meta property=\"og:locale\" content=\"es_ES\" \/>\n<meta property=\"og:type\" content=\"article\" \/>\n<meta property=\"og:title\" content=\"20 Estrellas Lana Texana Maverick Negra\" \/>\n<meta property=\"og:description\" content=\"Calidad: 20 estrellas  Color: negra  Horma: Maverick  copa: 10.5 cm  Falda: 10.5 cm  Toquilla: lana de borrego  Tafilete: sint\u00e9tico\" \/>\n<meta property=\"og:url\" content=\"https:\/\/tombstone.mx\/index.php\/product\/texana-maverick-negra\/\" \/>\n<meta property=\"og:site_name\" content=\"Tombstone Hats\" \/>\n<meta property=\"article:publisher\" content=\"https:\/\/www.facebook.com\/TombstoneOfficial\/\" \/>\n<meta property=\"article:modified_time\" content=\"2026-03-10T21:13:38+00:00\" \/>\n<meta property=\"og:image\" content=\"https:\/\/tombstone.mx\/wp-content\/uploads\/2024\/04\/TERICK20ES1NA-1.jpg\" \/>\n\t<meta property=\"og:image:width\" content=\"1080\" \/>\n\t<meta property=\"og:image:height\" content=\"1080\" \/>\n\t<meta property=\"og:image:type\" content=\"image\/jpeg\" \/>\n<meta name=\"twitter:card\" content=\"summary_large_image\" \/>\n<meta name=\"twitter:label1\" content=\"Tiempo de lectura\" \/>\n\t<meta name=\"twitter:data1\" content=\"2 minutos\" \/>\n<script type=\"application\/ld+json\" class=\"yoast-schema-graph\">{\"@context\":\"https:\\\/\\\/schema.org\",\"@graph\":[{\"@type\":\"WebPage\",\"@id\":\"https:\\\/\\\/tombstone.mx\\\/index.php\\\/product\\\/texana-maverick-negra\\\/\",\"url\":\"https:\\\/\\\/tombstone.mx\\\/index.php\\\/product\\\/texana-maverick-negra\\\/\",\"name\":\"20 Estrellas Lana Texana Maverick Negra - Tombstone Hats\",\"isPartOf\":{\"@id\":\"https:\\\/\\\/tombstone.mx\\\/#website\"},\"primaryImageOfPage\":{\"@id\":\"https:\\\/\\\/tombstone.mx\\\/index.php\\\/product\\\/texana-maverick-negra\\\/#primaryimage\"},\"image\":{\"@id\":\"https:\\\/\\\/tombstone.mx\\\/index.php\\\/product\\\/texana-maverick-negra\\\/#primaryimage\"},\"thumbnailUrl\":\"https:\\\/\\\/tombstone.mx\\\/wp-content\\\/uploads\\\/2024\\\/04\\\/TERICK20ES1NA-1.jpg\",\"datePublished\":\"2024-04-01T16:13:12+00:00\",\"dateModified\":\"2026-03-10T21:13:38+00:00\",\"breadcrumb\":{\"@id\":\"https:\\\/\\\/tombstone.mx\\\/index.php\\\/product\\\/texana-maverick-negra\\\/#breadcrumb\"},\"inLanguage\":\"es\",\"potentialAction\":[{\"@type\":\"ReadAction\",\"target\":[\"https:\\\/\\\/tombstone.mx\\\/index.php\\\/product\\\/texana-maverick-negra\\\/\"]}]},{\"@type\":\"ImageObject\",\"inLanguage\":\"es\",\"@id\":\"https:\\\/\\\/tombstone.mx\\\/index.php\\\/product\\\/texana-maverick-negra\\\/#primaryimage\",\"url\":\"https:\\\/\\\/tombstone.mx\\\/wp-content\\\/uploads\\\/2024\\\/04\\\/TERICK20ES1NA-1.jpg\",\"contentUrl\":\"https:\\\/\\\/tombstone.mx\\\/wp-content\\\/uploads\\\/2024\\\/04\\\/TERICK20ES1NA-1.jpg\",\"width\":1080,\"height\":1080},{\"@type\":\"BreadcrumbList\",\"@id\":\"https:\\\/\\\/tombstone.mx\\\/index.php\\\/product\\\/texana-maverick-negra\\\/#breadcrumb\",\"itemListElement\":[{\"@type\":\"ListItem\",\"position\":1,\"name\":\"Portada\",\"item\":\"https:\\\/\\\/tombstone.mx\\\/\"},{\"@type\":\"ListItem\",\"position\":2,\"name\":\"Shop\",\"item\":\"https:\\\/\\\/tombstone.mx\\\/index.php\\\/shop\\\/\"},{\"@type\":\"ListItem\",\"position\":3,\"name\":\"20 Estrellas Lana Texana Maverick Negra\"}]},{\"@type\":\"WebSite\",\"@id\":\"https:\\\/\\\/tombstone.mx\\\/#website\",\"url\":\"https:\\\/\\\/tombstone.mx\\\/\",\"name\":\"Tombstone Hats\",\"description\":\"Sombreros Tombstone Oficial\",\"publisher\":{\"@id\":\"https:\\\/\\\/tombstone.mx\\\/#organization\"},\"potentialAction\":[{\"@type\":\"SearchAction\",\"target\":{\"@type\":\"EntryPoint\",\"urlTemplate\":\"https:\\\/\\\/tombstone.mx\\\/?s={search_term_string}\"},\"query-input\":{\"@type\":\"PropertyValueSpecification\",\"valueRequired\":true,\"valueName\":\"search_term_string\"}}],\"inLanguage\":\"es\"},{\"@type\":\"Organization\",\"@id\":\"https:\\\/\\\/tombstone.mx\\\/#organization\",\"name\":\"Tombstone Hats\",\"url\":\"https:\\\/\\\/tombstone.mx\\\/\",\"logo\":{\"@type\":\"ImageObject\",\"inLanguage\":\"es\",\"@id\":\"https:\\\/\\\/tombstone.mx\\\/#\\\/schema\\\/logo\\\/image\\\/\",\"url\":\"https:\\\/\\\/tombstone.mx\\\/wp-content\\\/uploads\\\/2024\\\/02\\\/logo_gral.png\",\"contentUrl\":\"https:\\\/\\\/tombstone.mx\\\/wp-content\\\/uploads\\\/2024\\\/02\\\/logo_gral.png\",\"width\":1000,\"height\":200,\"caption\":\"Tombstone Hats\"},\"image\":{\"@id\":\"https:\\\/\\\/tombstone.mx\\\/#\\\/schema\\\/logo\\\/image\\\/\"},\"sameAs\":[\"https:\\\/\\\/www.facebook.com\\\/TombstoneOfficial\\\/\",\"https:\\\/\\\/www.instagram.com\\\/tombstoneofficial\\\/\"]}]}<\/script>\n<!-- \/ Yoast SEO Premium plugin. -->","yoast_head_json":{"title":"20 Estrellas Lana Texana Maverick Negra - Tombstone Hats","robots":{"index":"index","follow":"follow","max-snippet":"max-snippet:-1","max-image-preview":"max-image-preview:large","max-video-preview":"max-video-preview:-1"},"canonical":"https:\/\/tombstone.mx\/index.php\/product\/texana-maverick-negra\/","og_locale":"es_ES","og_type":"article","og_title":"20 Estrellas Lana Texana Maverick Negra","og_description":"Calidad: 20 estrellas  Color: negra  Horma: Maverick  copa: 10.5 cm  Falda: 10.5 cm  Toquilla: lana de borrego  Tafilete: sint\u00e9tico","og_url":"https:\/\/tombstone.mx\/index.php\/product\/texana-maverick-negra\/","og_site_name":"Tombstone Hats","article_publisher":"https:\/\/www.facebook.com\/TombstoneOfficial\/","article_modified_time":"2026-03-10T21:13:38+00:00","og_image":[{"width":1080,"height":1080,"url":"https:\/\/tombstone.mx\/wp-content\/uploads\/2024\/04\/TERICK20ES1NA-1.jpg","type":"image\/jpeg"}],"twitter_card":"summary_large_image","twitter_misc":{"Tiempo de lectura":"2 minutos"},"schema":{"@context":"https:\/\/schema.org","@graph":[{"@type":"WebPage","@id":"https:\/\/tombstone.mx\/index.php\/product\/texana-maverick-negra\/","url":"https:\/\/tombstone.mx\/index.php\/product\/texana-maverick-negra\/","name":"20 Estrellas Lana Texana Maverick Negra - Tombstone Hats","isPartOf":{"@id":"https:\/\/tombstone.mx\/#website"},"primaryImageOfPage":{"@id":"https:\/\/tombstone.mx\/index.php\/product\/texana-maverick-negra\/#primaryimage"},"image":{"@id":"https:\/\/tombstone.mx\/index.php\/product\/texana-maverick-negra\/#primaryimage"},"thumbnailUrl":"https:\/\/tombstone.mx\/wp-content\/uploads\/2024\/04\/TERICK20ES1NA-1.jpg","datePublished":"2024-04-01T16:13:12+00:00","dateModified":"2026-03-10T21:13:38+00:00","breadcrumb":{"@id":"https:\/\/tombstone.mx\/index.php\/product\/texana-maverick-negra\/#breadcrumb"},"inLanguage":"es","potentialAction":[{"@type":"ReadAction","target":["https:\/\/tombstone.mx\/index.php\/product\/texana-maverick-negra\/"]}]},{"@type":"ImageObject","inLanguage":"es","@id":"https:\/\/tombstone.mx\/index.php\/product\/texana-maverick-negra\/#primaryimage","url":"https:\/\/tombstone.mx\/wp-content\/uploads\/2024\/04\/TERICK20ES1NA-1.jpg","contentUrl":"https:\/\/tombstone.mx\/wp-content\/uploads\/2024\/04\/TERICK20ES1NA-1.jpg","width":1080,"height":1080},{"@type":"BreadcrumbList","@id":"https:\/\/tombstone.mx\/index.php\/product\/texana-maverick-negra\/#breadcrumb","itemListElement":[{"@type":"ListItem","position":1,"name":"Portada","item":"https:\/\/tombstone.mx\/"},{"@type":"ListItem","position":2,"name":"Shop","item":"https:\/\/tombstone.mx\/index.php\/shop\/"},{"@type":"ListItem","position":3,"name":"20 Estrellas Lana Texana Maverick Negra"}]},{"@type":"WebSite","@id":"https:\/\/tombstone.mx\/#website","url":"https:\/\/tombstone.mx\/","name":"Tombstone Hats","description":"Sombreros Tombstone Oficial","publisher":{"@id":"https:\/\/tombstone.mx\/#organization"},"potentialAction":[{"@type":"SearchAction","target":{"@type":"EntryPoint","urlTemplate":"https:\/\/tombstone.mx\/?s={search_term_string}"},"query-input":{"@type":"PropertyValueSpecification","valueRequired":true,"valueName":"search_term_string"}}],"inLanguage":"es"},{"@type":"Organization","@id":"https:\/\/tombstone.mx\/#organization","name":"Tombstone Hats","url":"https:\/\/tombstone.mx\/","logo":{"@type":"ImageObject","inLanguage":"es","@id":"https:\/\/tombstone.mx\/#\/schema\/logo\/image\/","url":"https:\/\/tombstone.mx\/wp-content\/uploads\/2024\/02\/logo_gral.png","contentUrl":"https:\/\/tombstone.mx\/wp-content\/uploads\/2024\/02\/logo_gral.png","width":1000,"height":200,"caption":"Tombstone Hats"},"image":{"@id":"https:\/\/tombstone.mx\/#\/schema\/logo\/image\/"},"sameAs":["https:\/\/www.facebook.com\/TombstoneOfficial\/","https:\/\/www.instagram.com\/tombstoneofficial\/"]}]}},"jetpack_publicize_connections":[],"jetpack_sharing_enabled":true,"_links":{"self":[{"href":"https:\/\/tombstone.mx\/index.php\/wp-json\/wp\/v2\/product\/262402","targetHints":{"allow":["GET"]}}],"collection":[{"href":"https:\/\/tombstone.mx\/index.php\/wp-json\/wp\/v2\/product"}],"about":[{"href":"https:\/\/tombstone.mx\/index.php\/wp-json\/wp\/v2\/types\/product"}],"replies":[{"embeddable":true,"href":"https:\/\/tombstone.mx\/index.php\/wp-json\/wp\/v2\/comments?post=262402"}],"wp:featuredmedia":[{"embeddable":true,"href":"https:\/\/tombstone.mx\/index.php\/wp-json\/wp\/v2\/media\/262421"}],"wp:attachment":[{"href":"https:\/\/tombstone.mx\/index.php\/wp-json\/wp\/v2\/media?parent=262402"}],"wp:term":[{"taxonomy":"product_brand","embeddable":true,"href":"https:\/\/tombstone.mx\/index.php\/wp-json\/wp\/v2\/product_brand?post=262402"},{"taxonomy":"product_cat","embeddable":true,"href":"https:\/\/tombstone.mx\/index.php\/wp-json\/wp\/v2\/product_cat?post=262402"},{"taxonomy":"product_tag","embeddable":true,"href":"https:\/\/tombstone.mx\/index.php\/wp-json\/wp\/v2\/product_tag?post=262402"}],"curies":[{"name":"wp","href":"https:\/\/api.w.org\/{rel}","templated":true}]}}