{"id":262278,"date":"2024-03-22T15:47:36","date_gmt":"2024-03-22T21:47:36","guid":{"rendered":"https:\/\/tombstone.mx\/?post_type=product&#038;p=262278"},"modified":"2026-03-24T13:54:33","modified_gmt":"2026-03-24T19:54:33","slug":"texana-el-patron-cristal","status":"publish","type":"product","link":"https:\/\/tombstone.mx\/index.php\/product\/texana-el-patron-cristal\/","title":{"rendered":"20 Estrellas Lana Texana El Patr\u00f3n Cristal"},"content":{"rendered":"<p>Descubre la esencia del aut\u00e9ntico estilo western con los sombreros de la marca Tombstone. Cada pieza es una obra maestra, dise\u00f1ada para quienes valoran la calidad y el prestigio. Inspirados en la rica tradici\u00f3n del Viejo Oeste, estos sombreros son m\u00e1s que un simple accesorio: son una declaraci\u00f3n de identidad y buen gusto.<\/p>\n<p>Confeccionados con materiales de la m\u00e1s alta calidad, los sombreros Tombstone se distinguen por su durabilidad y elegancia. Cada detalle est\u00e1 cuidadosamente elaborado, desde el ala perfectamente moldeada hasta la cinta decorativa que agrega un toque de distinci\u00f3n. Al portar un sombrero Tombstone, te envuelves en una aura de sofisticaci\u00f3n que no pasa desapercibida.<\/p>\n<p>Perfectos para cualquier ocasi\u00f3n, estos sombreros son ideales tanto para una jornada en el campo como para eventos sociales donde quieras destacar. Su dise\u00f1o \u00fanico captura la esencia del esp\u00edritu vaquero, combinando tradici\u00f3n con un estilo contempor\u00e1neo que se adapta a cualquier atuendo. Con Tombstone, llevas contigo una pieza de historia y cultura, convirti\u00e9ndote en el centro de atenci\u00f3n en cualquier lugar.<\/p>\n<p>No se trata solo de llevar un sombrero, sino de vivir una experiencia. Los sombreros Tombstone son el complemento perfecto para aquellos que buscan destacar con elegancia y autenticidad. Atr\u00e9vete a marcar la diferencia y a sentirte como una verdadera leyenda del Oeste. Con Tombstone, cada d\u00eda es una oportunidad para lucir lo mejor de ti mismo.<\/p>\n<p>Estamos comprometidos por ofrecer productos de calidad y confort para nuestros clientes y en esta ocasi\u00f3n te traemos este sombrero tejido a mano por nuestros artesanos y su color natural te brinda frescura y protecci\u00f3n, lo cual le dar\u00e1 a su portador distinci\u00f3n y un estilo de vida \u00fanico y especial.<\/p>\n<p>A su vez nuestro estilo \u00abEl Patr\u00f3n\u00bb cuenta con una toquilla de lana de borrego con herraje dorado, y con falda de 10 cm y la medida de su copa es de 12.5 cm, en el interior cuenta con un tafilete sint\u00e9tico con un dise\u00f1o especial y \u00fanico de la horma.<\/p>\n<p>Su env\u00edo es completamente gratis, incluye una caja especial de colecci\u00f3n, un certificado de autenticaci\u00f3n personalizado de quien portara de esta texana especial y un regalo como agradecimiento por formar parte de nuestra comunidad y disfrutar de esta magnifica experiencia desde 1968<\/p>\n","protected":false},"excerpt":{"rendered":"<p>Calidad: 20 estrellas<\/p>\n<p>Color: cristal<\/p>\n<p>Horma: El patr\u00f3n<\/p>\n<p>copa: 12.5 cm<\/p>\n<p>Falda: 10 cm<\/p>\n<p>Toquilla: lana de borrego<\/p>\n<p>Tafilete: sint\u00e9tico<\/p>\n","protected":false},"featured_media":262274,"comment_status":"open","ping_status":"closed","template":"","meta":{"_et_pb_use_builder":"","_et_pb_old_content":"","_et_gb_content_width":"","_joinchat":[],"jetpack_publicize_message":"","jetpack_publicize_feature_enabled":true,"jetpack_social_post_already_shared":false,"jetpack_social_options":{"image_generator_settings":{"template":"highway","default_image_id":0,"font":"","enabled":false},"version":2}},"product_brand":[],"product_cat":[169,174,51,19],"product_tag":[34,40,52,24,33,32,21],"class_list":{"0":"post-262278","1":"product","2":"type-product","3":"status-publish","4":"has-post-thumbnail","6":"product_cat-color","7":"product_cat-cristal","8":"product_cat-el_patron","9":"product_cat-texana","10":"product_tag-20_estrellas","11":"product_tag-cristal","12":"product_tag-el_patron","13":"product_tag-hombre","14":"product_tag-lana","15":"product_tag-mujer","16":"product_tag-texana","18":"first","19":"instock","20":"taxable","21":"shipping-taxable","22":"purchasable","23":"product-type-variable"},"yoast_head":"<!-- This site is optimized with the Yoast SEO Premium plugin v26.9 (Yoast SEO v26.9) - https:\/\/yoast.com\/product\/yoast-seo-premium-wordpress\/ -->\n<title>20 Estrellas Lana Texana El Patr\u00f3n Cristal - Tombstone Hats<\/title>\n<meta name=\"robots\" content=\"index, follow, max-snippet:-1, max-image-preview:large, max-video-preview:-1\" \/>\n<link rel=\"canonical\" href=\"https:\/\/tombstone.mx\/index.php\/product\/texana-el-patron-cristal\/\" \/>\n<meta property=\"og:locale\" content=\"es_ES\" \/>\n<meta property=\"og:type\" content=\"article\" \/>\n<meta property=\"og:title\" content=\"20 Estrellas Lana Texana El Patr\u00f3n Cristal\" \/>\n<meta property=\"og:description\" content=\"Calidad: 20 estrellas  Color: cristal  Horma: El patr\u00f3n  copa: 12.5 cm  Falda: 10 cm  Toquilla: lana de borrego  Tafilete: sint\u00e9tico\" \/>\n<meta property=\"og:url\" content=\"https:\/\/tombstone.mx\/index.php\/product\/texana-el-patron-cristal\/\" \/>\n<meta property=\"og:site_name\" content=\"Tombstone Hats\" \/>\n<meta property=\"article:publisher\" content=\"https:\/\/www.facebook.com\/TombstoneOfficial\/\" \/>\n<meta property=\"article:modified_time\" content=\"2026-03-24T19:54:33+00:00\" \/>\n<meta property=\"og:image\" content=\"https:\/\/tombstone.mx\/wp-content\/uploads\/2024\/03\/TETRON20ES4NA-1.jpg\" \/>\n\t<meta property=\"og:image:width\" content=\"1080\" \/>\n\t<meta property=\"og:image:height\" content=\"1080\" \/>\n\t<meta property=\"og:image:type\" content=\"image\/jpeg\" \/>\n<meta name=\"twitter:card\" content=\"summary_large_image\" \/>\n<meta name=\"twitter:label1\" content=\"Tiempo de lectura\" \/>\n\t<meta name=\"twitter:data1\" content=\"2 minutos\" \/>\n<script type=\"application\/ld+json\" class=\"yoast-schema-graph\">{\"@context\":\"https:\/\/schema.org\",\"@graph\":[{\"@type\":\"WebPage\",\"@id\":\"https:\/\/tombstone.mx\/index.php\/product\/texana-el-patron-cristal\/\",\"url\":\"https:\/\/tombstone.mx\/index.php\/product\/texana-el-patron-cristal\/\",\"name\":\"20 Estrellas Lana Texana El Patr\u00f3n Cristal - Tombstone Hats\",\"isPartOf\":{\"@id\":\"https:\/\/tombstone.mx\/#website\"},\"primaryImageOfPage\":{\"@id\":\"https:\/\/tombstone.mx\/index.php\/product\/texana-el-patron-cristal\/#primaryimage\"},\"image\":{\"@id\":\"https:\/\/tombstone.mx\/index.php\/product\/texana-el-patron-cristal\/#primaryimage\"},\"thumbnailUrl\":\"https:\/\/tombstone.mx\/wp-content\/uploads\/2024\/03\/TETRON20ES4NA-1.jpg\",\"datePublished\":\"2024-03-22T21:47:36+00:00\",\"dateModified\":\"2026-03-24T19:54:33+00:00\",\"breadcrumb\":{\"@id\":\"https:\/\/tombstone.mx\/index.php\/product\/texana-el-patron-cristal\/#breadcrumb\"},\"inLanguage\":\"es\",\"potentialAction\":[{\"@type\":\"ReadAction\",\"target\":[\"https:\/\/tombstone.mx\/index.php\/product\/texana-el-patron-cristal\/\"]}]},{\"@type\":\"ImageObject\",\"inLanguage\":\"es\",\"@id\":\"https:\/\/tombstone.mx\/index.php\/product\/texana-el-patron-cristal\/#primaryimage\",\"url\":\"https:\/\/tombstone.mx\/wp-content\/uploads\/2024\/03\/TETRON20ES4NA-1.jpg\",\"contentUrl\":\"https:\/\/tombstone.mx\/wp-content\/uploads\/2024\/03\/TETRON20ES4NA-1.jpg\",\"width\":1080,\"height\":1080},{\"@type\":\"BreadcrumbList\",\"@id\":\"https:\/\/tombstone.mx\/index.php\/product\/texana-el-patron-cristal\/#breadcrumb\",\"itemListElement\":[{\"@type\":\"ListItem\",\"position\":1,\"name\":\"Portada\",\"item\":\"https:\/\/tombstone.mx\/\"},{\"@type\":\"ListItem\",\"position\":2,\"name\":\"Shop\",\"item\":\"https:\/\/tombstone.mx\/index.php\/shop\/\"},{\"@type\":\"ListItem\",\"position\":3,\"name\":\"20 Estrellas Lana Texana El Patr\u00f3n Cristal\"}]},{\"@type\":\"WebSite\",\"@id\":\"https:\/\/tombstone.mx\/#website\",\"url\":\"https:\/\/tombstone.mx\/\",\"name\":\"Tombstone Hats\",\"description\":\"Sombreros Tombstone Oficial\",\"publisher\":{\"@id\":\"https:\/\/tombstone.mx\/#organization\"},\"potentialAction\":[{\"@type\":\"SearchAction\",\"target\":{\"@type\":\"EntryPoint\",\"urlTemplate\":\"https:\/\/tombstone.mx\/?s={search_term_string}\"},\"query-input\":{\"@type\":\"PropertyValueSpecification\",\"valueRequired\":true,\"valueName\":\"search_term_string\"}}],\"inLanguage\":\"es\"},{\"@type\":\"Organization\",\"@id\":\"https:\/\/tombstone.mx\/#organization\",\"name\":\"Tombstone Hats\",\"url\":\"https:\/\/tombstone.mx\/\",\"logo\":{\"@type\":\"ImageObject\",\"inLanguage\":\"es\",\"@id\":\"https:\/\/tombstone.mx\/#\/schema\/logo\/image\/\",\"url\":\"https:\/\/tombstone.mx\/wp-content\/uploads\/2024\/02\/logo_gral.png\",\"contentUrl\":\"https:\/\/tombstone.mx\/wp-content\/uploads\/2024\/02\/logo_gral.png\",\"width\":1000,\"height\":200,\"caption\":\"Tombstone Hats\"},\"image\":{\"@id\":\"https:\/\/tombstone.mx\/#\/schema\/logo\/image\/\"},\"sameAs\":[\"https:\/\/www.facebook.com\/TombstoneOfficial\/\",\"https:\/\/www.instagram.com\/tombstoneofficial\/\"]}]}<\/script>\n<!-- \/ Yoast SEO Premium plugin. -->","yoast_head_json":{"title":"20 Estrellas Lana Texana El Patr\u00f3n Cristal - Tombstone Hats","robots":{"index":"index","follow":"follow","max-snippet":"max-snippet:-1","max-image-preview":"max-image-preview:large","max-video-preview":"max-video-preview:-1"},"canonical":"https:\/\/tombstone.mx\/index.php\/product\/texana-el-patron-cristal\/","og_locale":"es_ES","og_type":"article","og_title":"20 Estrellas Lana Texana El Patr\u00f3n Cristal","og_description":"Calidad: 20 estrellas  Color: cristal  Horma: El patr\u00f3n  copa: 12.5 cm  Falda: 10 cm  Toquilla: lana de borrego  Tafilete: sint\u00e9tico","og_url":"https:\/\/tombstone.mx\/index.php\/product\/texana-el-patron-cristal\/","og_site_name":"Tombstone Hats","article_publisher":"https:\/\/www.facebook.com\/TombstoneOfficial\/","article_modified_time":"2026-03-24T19:54:33+00:00","og_image":[{"width":1080,"height":1080,"url":"https:\/\/tombstone.mx\/wp-content\/uploads\/2024\/03\/TETRON20ES4NA-1.jpg","type":"image\/jpeg"}],"twitter_card":"summary_large_image","twitter_misc":{"Tiempo de lectura":"2 minutos"},"schema":{"@context":"https:\/\/schema.org","@graph":[{"@type":"WebPage","@id":"https:\/\/tombstone.mx\/index.php\/product\/texana-el-patron-cristal\/","url":"https:\/\/tombstone.mx\/index.php\/product\/texana-el-patron-cristal\/","name":"20 Estrellas Lana Texana El Patr\u00f3n Cristal - Tombstone Hats","isPartOf":{"@id":"https:\/\/tombstone.mx\/#website"},"primaryImageOfPage":{"@id":"https:\/\/tombstone.mx\/index.php\/product\/texana-el-patron-cristal\/#primaryimage"},"image":{"@id":"https:\/\/tombstone.mx\/index.php\/product\/texana-el-patron-cristal\/#primaryimage"},"thumbnailUrl":"https:\/\/tombstone.mx\/wp-content\/uploads\/2024\/03\/TETRON20ES4NA-1.jpg","datePublished":"2024-03-22T21:47:36+00:00","dateModified":"2026-03-24T19:54:33+00:00","breadcrumb":{"@id":"https:\/\/tombstone.mx\/index.php\/product\/texana-el-patron-cristal\/#breadcrumb"},"inLanguage":"es","potentialAction":[{"@type":"ReadAction","target":["https:\/\/tombstone.mx\/index.php\/product\/texana-el-patron-cristal\/"]}]},{"@type":"ImageObject","inLanguage":"es","@id":"https:\/\/tombstone.mx\/index.php\/product\/texana-el-patron-cristal\/#primaryimage","url":"https:\/\/tombstone.mx\/wp-content\/uploads\/2024\/03\/TETRON20ES4NA-1.jpg","contentUrl":"https:\/\/tombstone.mx\/wp-content\/uploads\/2024\/03\/TETRON20ES4NA-1.jpg","width":1080,"height":1080},{"@type":"BreadcrumbList","@id":"https:\/\/tombstone.mx\/index.php\/product\/texana-el-patron-cristal\/#breadcrumb","itemListElement":[{"@type":"ListItem","position":1,"name":"Portada","item":"https:\/\/tombstone.mx\/"},{"@type":"ListItem","position":2,"name":"Shop","item":"https:\/\/tombstone.mx\/index.php\/shop\/"},{"@type":"ListItem","position":3,"name":"20 Estrellas Lana Texana El Patr\u00f3n Cristal"}]},{"@type":"WebSite","@id":"https:\/\/tombstone.mx\/#website","url":"https:\/\/tombstone.mx\/","name":"Tombstone Hats","description":"Sombreros Tombstone Oficial","publisher":{"@id":"https:\/\/tombstone.mx\/#organization"},"potentialAction":[{"@type":"SearchAction","target":{"@type":"EntryPoint","urlTemplate":"https:\/\/tombstone.mx\/?s={search_term_string}"},"query-input":{"@type":"PropertyValueSpecification","valueRequired":true,"valueName":"search_term_string"}}],"inLanguage":"es"},{"@type":"Organization","@id":"https:\/\/tombstone.mx\/#organization","name":"Tombstone Hats","url":"https:\/\/tombstone.mx\/","logo":{"@type":"ImageObject","inLanguage":"es","@id":"https:\/\/tombstone.mx\/#\/schema\/logo\/image\/","url":"https:\/\/tombstone.mx\/wp-content\/uploads\/2024\/02\/logo_gral.png","contentUrl":"https:\/\/tombstone.mx\/wp-content\/uploads\/2024\/02\/logo_gral.png","width":1000,"height":200,"caption":"Tombstone Hats"},"image":{"@id":"https:\/\/tombstone.mx\/#\/schema\/logo\/image\/"},"sameAs":["https:\/\/www.facebook.com\/TombstoneOfficial\/","https:\/\/www.instagram.com\/tombstoneofficial\/"]}]}},"jetpack_publicize_connections":[],"jetpack_sharing_enabled":true,"_links":{"self":[{"href":"https:\/\/tombstone.mx\/index.php\/wp-json\/wp\/v2\/product\/262278","targetHints":{"allow":["GET"]}}],"collection":[{"href":"https:\/\/tombstone.mx\/index.php\/wp-json\/wp\/v2\/product"}],"about":[{"href":"https:\/\/tombstone.mx\/index.php\/wp-json\/wp\/v2\/types\/product"}],"replies":[{"embeddable":true,"href":"https:\/\/tombstone.mx\/index.php\/wp-json\/wp\/v2\/comments?post=262278"}],"wp:featuredmedia":[{"embeddable":true,"href":"https:\/\/tombstone.mx\/index.php\/wp-json\/wp\/v2\/media\/262274"}],"wp:attachment":[{"href":"https:\/\/tombstone.mx\/index.php\/wp-json\/wp\/v2\/media?parent=262278"}],"wp:term":[{"taxonomy":"product_brand","embeddable":true,"href":"https:\/\/tombstone.mx\/index.php\/wp-json\/wp\/v2\/product_brand?post=262278"},{"taxonomy":"product_cat","embeddable":true,"href":"https:\/\/tombstone.mx\/index.php\/wp-json\/wp\/v2\/product_cat?post=262278"},{"taxonomy":"product_tag","embeddable":true,"href":"https:\/\/tombstone.mx\/index.php\/wp-json\/wp\/v2\/product_tag?post=262278"}],"curies":[{"name":"wp","href":"https:\/\/api.w.org\/{rel}","templated":true}]}}