{"id":263199,"date":"2024-05-13T14:51:52","date_gmt":"2024-05-13T20:51:52","guid":{"rendered":"https:\/\/tombstone.mx\/?page_id=263199"},"modified":"2024-05-13T14:51:54","modified_gmt":"2024-05-13T20:51:54","slug":"terminos-y-condiciones","status":"publish","type":"page","link":"https:\/\/tombstone.mx\/index.php\/terminos-y-condiciones\/","title":{"rendered":"T\u00e9rminos y condiciones"},"content":{"rendered":"\n[et_pb_section fb_built=\u00bb1&#8243; theme_builder_area=\u00bbpost_content\u00bb _builder_version=\u00bb4.25.1&#8243; _module_preset=\u00bbdefault\u00bb][et_pb_row _builder_version=\u00bb4.25.1&#8243; _module_preset=\u00bbdefault\u00bb theme_builder_area=\u00bbpost_content\u00bb][et_pb_column _builder_version=\u00bb4.25.1&#8243; _module_preset=\u00bbdefault\u00bb type=\u00bb4_4&#8243; theme_builder_area=\u00bbpost_content\u00bb][et_pb_text _builder_version=\u00bb4.25.1&#8243; _module_preset=\u00bbdefault\u00bb theme_builder_area=\u00bbpost_content\u00bb hover_enabled=\u00bb0&#8243; sticky_enabled=\u00bb0&#8243;]<p><strong>T\u00c9RMINOS Y CONDICIONES<\/strong><\/p>\n<p>Bienvenido al sitio web el tombstone.com.mx un sitio web dedicado a la venta de productos y servicios a trav\u00e9s de este sitio, sitios afiliados y sus divisiones de negocios bajo los t\u00e9rminos y condiciones establecidos en el presente sitio y en cada uno de los sitios relacionados. Te sugerimos enormemente leer los t\u00e9rminos y condiciones expuestos a continuaci\u00f3n, ya que al ingresar al sitio confirmas la aceptaci\u00f3n de los presentes, de no aceptar los t\u00e9rminos y condiciones, no podr\u00e1s utilizar nuestro sitio ni ninguno de nuestros sitios afiliados o divisiones de negocios.<\/p>\n<p>Los presentes t\u00e9rminos y condiciones rigen al sitio<span>\u00a0<\/span><a href=\"https:\/\/tombstone.com.mx\/\">https:\/\/tombstone.com.mx<\/a><span>\u00a0<\/span>con nombre<span>\u00a0<\/span><span class=\"TextRun SCXW216448810\" xml:lang=\"ES-ES\" lang=\"ES-ES\"><span class=\"NormalTextRun SCXW216448810\">DISTRIBUIDORA MCLAURY<\/span><\/span><span>\u00a0<\/span>S.A. DE C.V. quien en lo sucesivo se identificar\u00e1 como \u201cTOMBSTONE\u201d, misma que tiene domicilio en<span>\u00a0<\/span><span class=\"TextRun SCXW216448810\" xml:lang=\"ES-ES\" lang=\"ES-ES\"><span class=\"NormalTextRun SCXW216448810\">Libramiento sur, Km. 1, Barrio de Guadalupe. CP 36300 SAN FRANCISCO<\/span><\/span><span class=\"TextRun SCXW216448810\" xml:lang=\"ES-ES\" lang=\"ES-ES\"><span class=\"NormalTextRun SCXW216448810\">\u00a0<\/span><\/span><span class=\"TextRun SCXW216448810\" xml:lang=\"ES-ES\" lang=\"ES-ES\"><span class=\"NormalTextRun SCXW216448810\">DEL RINC\u00d3N,<\/span><\/span><span>\u00a0<\/span>Guanajuato, M\u00e9xico.<\/p>\n<p><strong>USO DEL SITIO<span>\u00a0<\/span><\/strong><a href=\"https:\/\/tombstone.com.mx\/\"><strong>WWW.TOMBSTONE.COM.MX<\/strong><\/a><\/p>\n<p>El \u201cUSUARIO\u201d afirma ser mayor de edad en M\u00e9xico al momento de hacer uso del sitio o en su defecto estar acompa\u00f1ado de una persona mayor de edad quien lo supervise adem\u00e1s de contar con el consentimiento de los padres o tutores.<\/p>\n<p>Los padres o tutores de menores de edad ser\u00e1n responsables por los actos por ellos realizados seg\u00fan lo dispuesto por estos t\u00e9rminos y condiciones, incluyendo los da\u00f1os causados a terceros, acciones realizadas por ellos y que est\u00e9n prohibidas por ley y por las disposiciones de este acuerdo, sin perjuicio de la responsabilidad del usuario, siempre que \u00e9ste no fuese padre o representante legal del menor infractor.<\/p>\n<p>El \u201cUSUARIO\u201d no est\u00e1 obligado a registrar una cuenta para realizar alguna compra, por lo que si el \u201cUSUARIO\u201d decide realizar la operaci\u00f3n con un perfil de invitado solo se utilizar\u00e1n con la finalidad de realizar el env\u00edo del producto y no se almacenar\u00e1n sus datos para futuras compras ni en nuestra base de datos.<\/p>\n<p>El \u201cUSUARIO\u201d tendr\u00e1 el derecho de crear una cuenta personal, en la cual podr\u00e1 administrar sus datos personales como direcciones de env\u00edo, datos de facturaci\u00f3n e historial de pedidos. Esta cuenta estar\u00e1 vinculada a su direcci\u00f3n de correo electr\u00f3nico, por lo que cada \u201cUSUARIO\u201d no podr\u00e1 ser titular de m\u00e1s de una cuenta en el sitio www.tombstone.com.mx, en caso de contar ser titular de m\u00e1s de una cuenta el \u201cUSUARIO\u201d recibir\u00e1 una notificaci\u00f3n por parte de \u201cTOMBSTONE\u201d para conservar una sola cuenta y dar de baja el resto. En caso contrario \u201cTOMBSTONE\u201d tendr\u00e1 derecho inapelable de dar de baja las cuentas y dar por terminada la relaci\u00f3n.<\/p>\n<p>El \u201cUSUARIO\u201d no deber\u00e1 enviar o transmitir por medio del Sitio cualquier contenido o informaci\u00f3n que contenga cualquier propaganda o propuesta relacionada con cualesquiera productos y\/o servicios. El \u201cUSUARIO\u201d no podr\u00e1 divulgar o hacer cualquier oferta comercial, religiosa, pol\u00edtica o cualquier otra oferta incluso sin fines comerciales, incluyendo pero sin limitar las ofertas a los Usuarios para que se conviertan en Usuarios de otros servicios que de cualquier manera pudiesen competir con los Servicios prestados por la \u201cTOMBSTONE\u201d.<\/p>\n<p>Cualquier conducta del \u201cUSUARIO\u201d que, a criterio exclusivo de la \u201cTOMBSTONE\u201d, pudiera restringir o inhibir el uso del Sitio o de los Micrositios por otros Usuarios, terceros, o \u201cTOMBSTONE\u201d queda expresamente prohibida.<\/p>\n<p><strong>DECLARACIONES<\/strong><\/p>\n<p>\u201cTOMBSTONE\u201d declara que es una EMPRESA legalmente constituida bajo las leyes mexicanas, que tiene todos los permisos necesarios para cumplir su Objeto Social y que no tiene alg\u00fan tipo de impedimento o limitante para cumplir con el mencionado Objeto, que incluye, la celebraci\u00f3n del Contrato.<\/p>\n<p>\u201cTOMBSTONE\u201d concede al \u201cUSUARIO\u201d una licencia personal limitada, no exclusiva, no transferible, revocable, por plazo indeterminado, conforme a los presentes T\u00e9rminos y Condiciones, para utilizar el Sitio, a fin de avalar, manifestar o interesarse en adquirir y adquirir mediante Oferta de Venta los productos que en la P\u00e1gina se encuentren publicados. La forma de utilizar el Sitio es personal e intransferible.<\/p>\n<p>\u201cTOMBSTONE\u201d declara ser propietario o en su defecto contar con la autorizaci\u00f3n del propietario de los Bienes o Productos que se encuentren en las Ofertas de Venta, adem\u00e1s de todos los elementos amparados por normas de propiedad intelectual. Todo lo anterior para efecto del Contrato.<\/p>\n<p><strong>M\u00c9TODOS DE PAGO<\/strong><\/p>\n<p>El \u201cUSUARIO\u201d podr\u00e1 realizar el pago de su orden a trav\u00e9s de cualquiera de los m\u00e9todos ofrecidos por \u201cTOMBSTONE\u201d.<\/p>\n<p>Todos los pagos son procesados por Mercado Pago, mismo que ofrece distintas opciones de pago:<\/p>\n<p>Pago con tarjeta de cr\u00e9dito Visa, Mastercard y Am\u00e9rican Express en hasta 18 mensualidades fijas con inetereses y acreditaci\u00f3n inmediata.<\/p>\n<p>El cliente acepta pagar un cargo de parcializaci\u00f3n del pago a mensualidades con inter\u00e9ses dependiendo el periodo de pago:<\/p>\n<table width=\"729\">\n<tbody>\n<tr>\n<td><strong>Meses<\/strong><\/td>\n<td><strong>Para compras en otros negocios con MercadoPago<\/strong><\/td>\n<\/tr>\n<tr>\n<td>1<\/td>\n<td>0 %<\/td>\n<td>0 %<\/td>\n<\/tr>\n<tr>\n<td>3<\/td>\n<td>5.99 %<\/td>\n<td>5.99 %<\/td>\n<\/tr>\n<tr>\n<td>6<\/td>\n<td>9.74 %<\/td>\n<td>9.74 %<\/td>\n<\/tr>\n<tr>\n<td>9<\/td>\n<td>13.92 %<\/td>\n<td>13.92 %<\/td>\n<\/tr>\n<tr>\n<td>12<\/td>\n<td>18.55 %<\/td>\n<td>18.55 %<\/td>\n<\/tr>\n<tr>\n<td>18<\/td>\n<td>26.67 %<\/td>\n<td>26.67 %<\/td>\n<\/tr>\n<\/tbody>\n<\/table>\n<p>Pago con tarjetas de d\u00e9bito o recargable con acreditaci\u00f3n inmediata.<\/p>\n<p>En el pago con tarjeta de d\u00e9bito solamente participan los siguientes bancos:<\/p>\n<ul>\n<li>BBVA Bancomer<\/li>\n<li>CitiBanamex<\/li>\n<li>HSBC<\/li>\n<li>Santander<\/li>\n<li>Banorte<\/li>\n<li>IXE<\/li>\n<li>Tarjeta Recargable Mercado Pago<\/li>\n<\/ul>\n<p>Los pagos en efectivo ser\u00e1n recibidos a trav\u00e9s de sucursal o con transferencia y la acreditaci\u00f3n se llevar\u00e1 hasta 24 horas h\u00e1biles.<\/p>\n<p>El cliente podr\u00e1 pagar en las siguientes instituciones:<\/p>\n<ul>\n<li>Bancomer<\/li>\n<li>Banamex<\/li>\n<li>Santander<\/li>\n<\/ul>\n<p>Los pagos en efectivo tambi\u00e9n ser\u00e1n recibidos a trav\u00e9s de tiendas OXXO y la acreditaci\u00f3n demorar\u00e1 entre uno y dos d\u00edas h\u00e1biles.<\/p>\n<p>El usuario recibir\u00e1 un ticket de pago con el cu\u00e1l podr\u00e1 acudir a realizar el pago en cualquiera de las sucursales Oxxo de todo M\u00e9xico.<\/p>\n<p>Mercado Pago cuenta con l\u00edmites m\u00ednimos o m\u00e1ximos de operaci\u00f3n que podr\u00e1s consultar en l\u00ednea aqu\u00ed:<span>\u00a0<\/span><a href=\"https:\/\/www.mercadopago.com.mx\/ayuda\/monto-minimo-maximo-medios-de-pago_655\">https:\/\/www.mercadopago.com.mx\/ayuda\/monto-minimo-maximo-medios-de-pago_655<\/a><\/p>\n<p>Todos los datos con tarjetas de cr\u00e9dito y d\u00e9bito ser\u00e1n procesados por terceros, por lo que \u201cTOMBSTONE\u201d jam\u00e1s entrar\u00e1 en contacto con sus datos de bancarios.<\/p>\n<p><strong>MESES SIN INTERESES<\/strong><\/p>\n<p>El \u201cUSUARIO\u201d podr\u00e1 elegir realizar su pago en hasta 3 mensualidades sin intereses.<\/p>\n<p>Esta promoci\u00f3n es v\u00e1lida directamente al pagar con Mercado Pago con tarjetas de cr\u00e9dito participantes:<\/p>\n<ul>\n<li>Visa<\/li>\n<li>Mastercard<\/li>\n<li>American Express<\/li>\n<\/ul>\n<p>Esta promoci\u00f3n es exclusiva para tarjetas emitidas en M\u00e9xico. CAT 0% informativo.<\/p>\n<p>Esta promoci\u00f3n es ofrecida directamente por Mercado Pago.<\/p>\n<p><strong>ENV\u00cdOS<\/strong><\/p>\n<p>\u201cTOMBSTONE\u201d realizar\u00e1 env\u00edos al domicilio se\u00f1alado por el \u201cUSUARIO\u201d como domicilio de entrega dentro de su orden a trav\u00e9s del m\u00e9todo que haya seleccionado.<\/p>\n<p>Los env\u00edos se realizar\u00e1n a trav\u00e9s de distintas empresas de paqueter\u00eda certificadas.<\/p>\n<p>Terrestre: esta clase de env\u00edo tiene un costo variable dependiendo de la zona de env\u00edo y tiene cobertura de todo el territorio mexicano con un estimado de entrega de entre tres y siete d\u00edas h\u00e1biles dependiendo de la zona de entrega. \u00c9ste se cobrar\u00e1 al \u201cUSUARIO\u201d por cada orden.<\/p>\n<p>Expr\u00e9s: esta clase de env\u00edo tiene un costo variable dependiendo de la zona de env\u00edo y tiene cobertura limitada a ciertos c\u00f3digos postales definidos por la empresa de paqueter\u00eda. El tiempo de entrega aproximado ser\u00e1 de dos a tres d\u00edas h\u00e1biles. \u00c9ste se cobrar\u00e1 al \u201cUSUARIO\u201d por cada orden.<\/p>\n<p>El tiempo de entrega es estimado y depender\u00e1 de diversos factores como el clim\u00e1tico, el social e incluso eventualidades previstas y no previstas que afectaran las rutas de acceso indicadas dar acceso para el domicilio.<\/p>\n<p>Los pedidos ser\u00e1n enviados una vez confirmado el pago total de la orden y los gastos log\u00edsticos.<\/p>\n<p><strong>GARANT\u00cdA DE LOS PRODUCTOS<\/strong><\/p>\n<p>Se garantiza la seguridad del producto a partir de la fecha de compra, hasta la entrega del mismo contra cualquier defecto en su empaque o en el producto. La garant\u00eda incluye reposici\u00f3n o cambio del producto y\/o componentes sin cargo alguno para el cliente siempre y cuando al recibir el paquete da\u00f1ado de su empaque a simple vista no lo reciba, y no firme a la paqueter\u00eda a su vez notifique inmediatamente a atenci\u00f3n al cliente al (476)112 1602 o al correo\u00a0vetasonline@outlook.com.<span data-ccp-props=\"{&quot;335551550&quot;:6,&quot;335551620&quot;:6}\">\u00a0<\/span><\/p>\n<p>Se entregar\u00e1 el producto en un lapso no mayor de 3 a 7 d\u00edas h\u00e1biles, contando a partir de la fecha proporcional a la entrega de la gu\u00eda.\u00a0<span data-ccp-props=\"{&quot;335551550&quot;:6,&quot;335551620&quot;:6}\">\u00a0<\/span><span data-ccp-props=\"{}\">\u00a0<\/span><\/p>\n<p>ESTA GARANTIA NO SER\u00c1 V\u00c1LIDA BAJO LAS SIGUIENTES CONDICIONES<span data-ccp-props=\"{}\">\u00a0<\/span><\/p>\n<ol>\n<li>Cuando el producto haya sido expuesto a la humedad o vapor, maltratado, manchado por alg\u00fan liquido o sustancia.\u00a0<span data-ccp-props=\"{&quot;134233279&quot;:true,&quot;335551550&quot;:6,&quot;335551620&quot;:6}\">\u00a0<\/span><\/li>\n<li>Si el producto fue alterado de su horma original, quebrado\u00a0 o abierto.<span data-ccp-props=\"{&quot;134233279&quot;:true,&quot;335551550&quot;:6,&quot;335551620&quot;:6}\">\u00a0<\/span><\/li>\n<li>Si las etiquetas dentro y fuera del producto se encuentran removidas.<span data-ccp-props=\"{&quot;134233279&quot;:true,&quot;335551550&quot;:6,&quot;335551620&quot;:6}\">\u00a0<\/span><\/li>\n<li>Cuando la falla sea originada por el uso y desgaste normal de la pieza debido al uso del mismo.<span data-ccp-props=\"{&quot;134233279&quot;:true,&quot;335551550&quot;:6,&quot;335551620&quot;:6}\">\u00a0<\/span><\/li>\n<li>Si al entregar el producto por parte de paqueter\u00eda, el empaque viene da\u00f1ado y aun as\u00ed se abre y no se reporta el da\u00f1o.<span data-ccp-props=\"{&quot;134233279&quot;:true,&quot;335551550&quot;:6,&quot;335551620&quot;:6}\"><br \/><\/span><\/li>\n<\/ol>\n<p>Ninguna otra garant\u00eda verbal o escrita diferente a la aqu\u00ed expresada ser\u00e1 reconocida.<\/p>\n<p><span class=\"TextRun SCXW39556355\" xml:lang=\"ES-ES\" lang=\"ES-ES\"><span class=\"NormalTextRun SCXW39556355\">El \u201cUSUARIO\u201d deber\u00e1 notificar\u00a0al (476)112 1602 o al correo\u00a0vetasonline@outlook.com<span>\u00a0<\/span>para poder hacer valida esta garant\u00eda, as\u00ed como contar con la nota o comprobante de compra.<\/span><\/span><\/p>\n<p><strong>DEVOLUCI\u00d3N Y CAMBIOS<\/strong><\/p>\n<p>\u201cTOMBSTONE\u201d ofrece un periodo limitado de diez d\u00edas naturales despu\u00e9s de la recepci\u00f3n del producto para realizar cambios de talla de producto. Esta garant\u00eda aplica solamente en productos nuevos.<\/p>\n<p>Todo cambio y devoluci\u00f3n generar\u00e1 un cargo de $199 mxn iva incluido por concepto de manejo log\u00edstico y ser\u00e1 cobrado por evento.<\/p>\n<p>Para poder realizar cualquier cambio o devoluci\u00f3n se deber\u00e1n conservar las etiquetas, facturas, el empaque original, as\u00ed como devolver el producto en perfecto estado. Si el producto presenta se\u00f1ales de uso o maltrato, el cambio no proceder\u00e1 y el producto ser\u00e1 re-enviado al \u201cUSUARIO\u201d, adem\u00e1s de que deber\u00e1 cubrir los gastos por manejo log\u00edstico.<\/p>\n<p>En caso de devoluci\u00f3n, el monto pagado por concepto de env\u00edos no ser\u00e1 reembolsable y el reembolso se har\u00e1 por la restante del valor del producto menos el cargo por manejo log\u00edstico y ser\u00e1 hecho en la misma forma en la que se realiz\u00f3 el pago a excepci\u00f3n del pago en efectivo. Si el pago se realiz\u00f3 en efectivo se enviar\u00e1 un monedero electr\u00f3nico por la cantidad a devolver que podr\u00e1 ser utilizada en tombstone.com.mx para comprar cualquier producto.<\/p>\n<p><strong>JURISDICCI\u00d3N<\/strong><\/p>\n<p>En caso que exista conflicto en relaci\u00f3n al Contrato, \u201cTOMBSTONE\u201d est\u00e1 en la total disposici\u00f3n de llegar a un acuerdo con el Usuario para la resoluci\u00f3n del Conflicto. Si no existe dicho acuerdo, y en los dem\u00e1s casos no relacionados con el Contrato, se llevara la instancia correspondiente ante la Procuradur\u00eda del Consumidor o bien ante los Tribunales de la Ciudad de San Francisco del Rinc\u00f3n.<\/p>\n<p><strong>PROTECCI\u00d3N DE DATOS<\/strong><\/p>\n<p>Los datos proporcionados por el Usuario ser\u00e1n tratados de acuerdo con las leyes de protecci\u00f3n de datos aplicables, a lo cual el Usuario presta su consentimiento expreso. El Usuario podr\u00e1 ejercitar sus derechos de acceso, rectificaci\u00f3n y cancelaci\u00f3n mediante comunicaci\u00f3n escrita con \u201cTOMBSTONE\u201d. El titular de los datos personales tiene la facultad de ejercer el derecho de acceso a los mismos en forma gratuita. Para efectos de los Datos Personales, el Usuario deber\u00e1 revisar el Aviso de Privacidad que se encuentra en el siguiente enlace dentro del Sitio: https:\/\/tombstone.com.mx\/aviso-de-privacidad\/<\/p>\n<p><strong>FACTURACI\u00d3N<\/strong><\/p>\n<p>Para solicitar la factura fiscal el \u201cUSUARIO\u201d se deber\u00e1 enviar un correo al correo<span>\u00a0<\/span><span class=\"TextRun SCXW39556355\" xml:lang=\"ES-ES\" lang=\"ES-ES\"><span class=\"NormalTextRun SCXW39556355\">vetasonline@outlook.com<\/span><\/span><span>\u00a0<\/span>solicitando la misma. En el asunto se deber\u00e1 incluir la palabra facturar y el n\u00famero de pedido, dentro del correo, el \u201cUSUARIO\u201d deber\u00e1 incluir su informaci\u00f3n fiscal.<\/p>\n<p>El \u201cUSUARIO\u201d recibir\u00e1 su factura en aproximadamente 5 d\u00edas h\u00e1biles.<\/p>\n<p>Solamente se realizar\u00e1n facturas dentro del mes natural en que se realiz\u00f3 la compra.<\/p>\n<p><strong>CONTACTO<\/strong><\/p>\n<p><span class=\"TextRun SCXW39556355\" xml:lang=\"ES-ES\" lang=\"ES-ES\"><span class=\"NormalTextRun SCXW39556355\">ventasonline2_tombstone@outlook.com<\/span><\/span><\/p>[\/et_pb_text][\/et_pb_column][\/et_pb_row][\/et_pb_section]\n","protected":false},"excerpt":{"rendered":"<p>T\u00c9RMINOS Y CONDICIONES Bienvenido al sitio web el tombstone.com.mx un sitio web dedicado a la venta de productos y servicios a trav\u00e9s de este sitio, sitios afiliados y sus divisiones de negocios bajo los t\u00e9rminos y condiciones establecidos en el presente sitio y en cada uno de los sitios relacionados. Te sugerimos enormemente leer los [&hellip;]<\/p>\n","protected":false},"author":4,"featured_media":0,"parent":0,"menu_order":0,"comment_status":"closed","ping_status":"closed","template":"","meta":{"_et_pb_use_builder":"on","_et_pb_old_content":"","_et_gb_content_width":"","_joinchat":[],"footnotes":""},"class_list":["post-263199","page","type-page","status-publish","hentry"],"yoast_head":"<!-- This site is optimized with the Yoast SEO Premium plugin v27.3 (Yoast SEO v27.3) - https:\/\/yoast.com\/product\/yoast-seo-premium-wordpress\/ -->\n<title>T\u00e9rminos y condiciones - Tombstone Hats<\/title>\n<meta name=\"robots\" content=\"index, follow, max-snippet:-1, max-image-preview:large, max-video-preview:-1\" \/>\n<link rel=\"canonical\" href=\"https:\/\/tombstone.mx\/index.php\/terminos-y-condiciones\/\" \/>\n<meta property=\"og:locale\" content=\"es_ES\" \/>\n<meta property=\"og:type\" content=\"article\" \/>\n<meta property=\"og:title\" content=\"T\u00e9rminos y condiciones\" \/>\n<meta property=\"og:description\" content=\"T\u00c9RMINOS Y CONDICIONES Bienvenido al sitio web el tombstone.com.mx un sitio web dedicado a la venta de productos y servicios a trav\u00e9s de este sitio, sitios afiliados y sus divisiones de negocios bajo los t\u00e9rminos y condiciones establecidos en el presente sitio y en cada uno de los sitios relacionados. Te sugerimos enormemente leer los [&hellip;]\" \/>\n<meta property=\"og:url\" content=\"https:\/\/tombstone.mx\/index.php\/terminos-y-condiciones\/\" \/>\n<meta property=\"og:site_name\" content=\"Tombstone Hats\" \/>\n<meta property=\"article:publisher\" content=\"https:\/\/www.facebook.com\/TombstoneOfficial\/\" \/>\n<meta property=\"article:modified_time\" content=\"2024-05-13T20:51:54+00:00\" \/>\n<meta name=\"twitter:card\" content=\"summary_large_image\" \/>\n<meta name=\"twitter:label1\" content=\"Tiempo de lectura\" \/>\n\t<meta name=\"twitter:data1\" content=\"10 minutos\" \/>\n<script type=\"application\/ld+json\" class=\"yoast-schema-graph\">{\"@context\":\"https:\\\/\\\/schema.org\",\"@graph\":[{\"@type\":\"WebPage\",\"@id\":\"https:\\\/\\\/tombstone.mx\\\/index.php\\\/terminos-y-condiciones\\\/\",\"url\":\"https:\\\/\\\/tombstone.mx\\\/index.php\\\/terminos-y-condiciones\\\/\",\"name\":\"T\u00e9rminos y condiciones - Tombstone Hats\",\"isPartOf\":{\"@id\":\"https:\\\/\\\/tombstone.mx\\\/#website\"},\"datePublished\":\"2024-05-13T20:51:52+00:00\",\"dateModified\":\"2024-05-13T20:51:54+00:00\",\"breadcrumb\":{\"@id\":\"https:\\\/\\\/tombstone.mx\\\/index.php\\\/terminos-y-condiciones\\\/#breadcrumb\"},\"inLanguage\":\"es\",\"potentialAction\":[{\"@type\":\"ReadAction\",\"target\":[\"https:\\\/\\\/tombstone.mx\\\/index.php\\\/terminos-y-condiciones\\\/\"]}]},{\"@type\":\"BreadcrumbList\",\"@id\":\"https:\\\/\\\/tombstone.mx\\\/index.php\\\/terminos-y-condiciones\\\/#breadcrumb\",\"itemListElement\":[{\"@type\":\"ListItem\",\"position\":1,\"name\":\"Portada\",\"item\":\"https:\\\/\\\/tombstone.mx\\\/\"},{\"@type\":\"ListItem\",\"position\":2,\"name\":\"T\u00e9rminos y condiciones\"}]},{\"@type\":\"WebSite\",\"@id\":\"https:\\\/\\\/tombstone.mx\\\/#website\",\"url\":\"https:\\\/\\\/tombstone.mx\\\/\",\"name\":\"Tombstone Hats\",\"description\":\"Sombreros Tombstone Oficial\",\"publisher\":{\"@id\":\"https:\\\/\\\/tombstone.mx\\\/#organization\"},\"potentialAction\":[{\"@type\":\"SearchAction\",\"target\":{\"@type\":\"EntryPoint\",\"urlTemplate\":\"https:\\\/\\\/tombstone.mx\\\/?s={search_term_string}\"},\"query-input\":{\"@type\":\"PropertyValueSpecification\",\"valueRequired\":true,\"valueName\":\"search_term_string\"}}],\"inLanguage\":\"es\"},{\"@type\":\"Organization\",\"@id\":\"https:\\\/\\\/tombstone.mx\\\/#organization\",\"name\":\"Tombstone Hats\",\"url\":\"https:\\\/\\\/tombstone.mx\\\/\",\"logo\":{\"@type\":\"ImageObject\",\"inLanguage\":\"es\",\"@id\":\"https:\\\/\\\/tombstone.mx\\\/#\\\/schema\\\/logo\\\/image\\\/\",\"url\":\"https:\\\/\\\/tombstone.mx\\\/wp-content\\\/uploads\\\/2024\\\/02\\\/logo_gral.png\",\"contentUrl\":\"https:\\\/\\\/tombstone.mx\\\/wp-content\\\/uploads\\\/2024\\\/02\\\/logo_gral.png\",\"width\":1000,\"height\":200,\"caption\":\"Tombstone Hats\"},\"image\":{\"@id\":\"https:\\\/\\\/tombstone.mx\\\/#\\\/schema\\\/logo\\\/image\\\/\"},\"sameAs\":[\"https:\\\/\\\/www.facebook.com\\\/TombstoneOfficial\\\/\",\"https:\\\/\\\/www.instagram.com\\\/tombstoneofficial\\\/\"]}]}<\/script>\n<!-- \/ Yoast SEO Premium plugin. -->","yoast_head_json":{"title":"T\u00e9rminos y condiciones - Tombstone Hats","robots":{"index":"index","follow":"follow","max-snippet":"max-snippet:-1","max-image-preview":"max-image-preview:large","max-video-preview":"max-video-preview:-1"},"canonical":"https:\/\/tombstone.mx\/index.php\/terminos-y-condiciones\/","og_locale":"es_ES","og_type":"article","og_title":"T\u00e9rminos y condiciones","og_description":"T\u00c9RMINOS Y CONDICIONES Bienvenido al sitio web el tombstone.com.mx un sitio web dedicado a la venta de productos y servicios a trav\u00e9s de este sitio, sitios afiliados y sus divisiones de negocios bajo los t\u00e9rminos y condiciones establecidos en el presente sitio y en cada uno de los sitios relacionados. Te sugerimos enormemente leer los [&hellip;]","og_url":"https:\/\/tombstone.mx\/index.php\/terminos-y-condiciones\/","og_site_name":"Tombstone Hats","article_publisher":"https:\/\/www.facebook.com\/TombstoneOfficial\/","article_modified_time":"2024-05-13T20:51:54+00:00","twitter_card":"summary_large_image","twitter_misc":{"Tiempo de lectura":"10 minutos"},"schema":{"@context":"https:\/\/schema.org","@graph":[{"@type":"WebPage","@id":"https:\/\/tombstone.mx\/index.php\/terminos-y-condiciones\/","url":"https:\/\/tombstone.mx\/index.php\/terminos-y-condiciones\/","name":"T\u00e9rminos y condiciones - Tombstone Hats","isPartOf":{"@id":"https:\/\/tombstone.mx\/#website"},"datePublished":"2024-05-13T20:51:52+00:00","dateModified":"2024-05-13T20:51:54+00:00","breadcrumb":{"@id":"https:\/\/tombstone.mx\/index.php\/terminos-y-condiciones\/#breadcrumb"},"inLanguage":"es","potentialAction":[{"@type":"ReadAction","target":["https:\/\/tombstone.mx\/index.php\/terminos-y-condiciones\/"]}]},{"@type":"BreadcrumbList","@id":"https:\/\/tombstone.mx\/index.php\/terminos-y-condiciones\/#breadcrumb","itemListElement":[{"@type":"ListItem","position":1,"name":"Portada","item":"https:\/\/tombstone.mx\/"},{"@type":"ListItem","position":2,"name":"T\u00e9rminos y condiciones"}]},{"@type":"WebSite","@id":"https:\/\/tombstone.mx\/#website","url":"https:\/\/tombstone.mx\/","name":"Tombstone Hats","description":"Sombreros Tombstone Oficial","publisher":{"@id":"https:\/\/tombstone.mx\/#organization"},"potentialAction":[{"@type":"SearchAction","target":{"@type":"EntryPoint","urlTemplate":"https:\/\/tombstone.mx\/?s={search_term_string}"},"query-input":{"@type":"PropertyValueSpecification","valueRequired":true,"valueName":"search_term_string"}}],"inLanguage":"es"},{"@type":"Organization","@id":"https:\/\/tombstone.mx\/#organization","name":"Tombstone Hats","url":"https:\/\/tombstone.mx\/","logo":{"@type":"ImageObject","inLanguage":"es","@id":"https:\/\/tombstone.mx\/#\/schema\/logo\/image\/","url":"https:\/\/tombstone.mx\/wp-content\/uploads\/2024\/02\/logo_gral.png","contentUrl":"https:\/\/tombstone.mx\/wp-content\/uploads\/2024\/02\/logo_gral.png","width":1000,"height":200,"caption":"Tombstone Hats"},"image":{"@id":"https:\/\/tombstone.mx\/#\/schema\/logo\/image\/"},"sameAs":["https:\/\/www.facebook.com\/TombstoneOfficial\/","https:\/\/www.instagram.com\/tombstoneofficial\/"]}]}},"jetpack_sharing_enabled":true,"_links":{"self":[{"href":"https:\/\/tombstone.mx\/index.php\/wp-json\/wp\/v2\/pages\/263199","targetHints":{"allow":["GET"]}}],"collection":[{"href":"https:\/\/tombstone.mx\/index.php\/wp-json\/wp\/v2\/pages"}],"about":[{"href":"https:\/\/tombstone.mx\/index.php\/wp-json\/wp\/v2\/types\/page"}],"author":[{"embeddable":true,"href":"https:\/\/tombstone.mx\/index.php\/wp-json\/wp\/v2\/users\/4"}],"replies":[{"embeddable":true,"href":"https:\/\/tombstone.mx\/index.php\/wp-json\/wp\/v2\/comments?post=263199"}],"version-history":[{"count":3,"href":"https:\/\/tombstone.mx\/index.php\/wp-json\/wp\/v2\/pages\/263199\/revisions"}],"predecessor-version":[{"id":263202,"href":"https:\/\/tombstone.mx\/index.php\/wp-json\/wp\/v2\/pages\/263199\/revisions\/263202"}],"wp:attachment":[{"href":"https:\/\/tombstone.mx\/index.php\/wp-json\/wp\/v2\/media?parent=263199"}],"curies":[{"name":"wp","href":"https:\/\/api.w.org\/{rel}","templated":true}]}}