{"id":263170,"date":"2024-05-09T10:42:13","date_gmt":"2024-05-09T16:42:13","guid":{"rendered":"https:\/\/tombstone.mx\/?page_id=263170"},"modified":"2026-04-16T12:50:47","modified_gmt":"2026-04-16T18:50:47","slug":"envios","status":"publish","type":"page","link":"https:\/\/tombstone.mx\/index.php\/envios\/","title":{"rendered":"Env\u00edos"},"content":{"rendered":"<p>[et_pb_section fb_built=\u00bb1&#8243; _builder_version=\u00bb4.25.1&#8243; _module_preset=\u00bbdefault\u00bb global_colors_info=\u00bb{}\u00bb][et_pb_row _builder_version=\u00bb4.25.1&#8243; _module_preset=\u00bbdefault\u00bb global_colors_info=\u00bb{}\u00bb][et_pb_column type=\u00bb4_4&#8243; _builder_version=\u00bb4.25.1&#8243; _module_preset=\u00bbdefault\u00bb global_colors_info=\u00bb{}\u00bb][et_pb_text _builder_version=\u00bb4.25.1&#8243; _module_preset=\u00bbdefault\u00bb global_colors_info=\u00bb{}\u00bb]<\/p>\n<p>\u201cTOMBSTONE\u201d realizar\u00e1 env\u00edos al domicilio se\u00f1alado por el \u201cUSUARIO\u201d como domicilio de entrega dentro de su orden a trav\u00e9s del m\u00e9todo que haya seleccionado.<\/p>\n<p>Los env\u00edos se realizar\u00e1n a trav\u00e9s de distintas empresas de paqueter\u00eda certificadas.<\/p>\n<p>Nacional Terrestre: esta clase de env\u00edo tiene un costo variable dependiendo de la zona de env\u00edo o siendo este gratuito en los productos que cumplan con el precio establecido para el env\u00edo incluido que es de $500.00 MXN y tiene cobertura de todo el territorio mexicano con un estimado de entrega de entre tres y siete d\u00edas h\u00e1biles dependiendo de la zona de entrega. \u00c9ste se cobrar\u00e1 al \u201cUSUARIO\u201d por cada orden.<\/p>\n<p>Internacional: esta clase de env\u00edo tiene un coste m\u00ednimo dependiendo del pa\u00eds al que se haga el env\u00edo, siendo E.E.U.U. y Guatemala los \u00fanicos pa\u00edses a los que se tienen acceso este tipo de env\u00edo internacional con un precio de por articulo $90.00 USD ($1710.00 MXN) para Estados Unidos y 540.53 GTP($1400.00 MXN) para el pa\u00eds de Guatemala, con su respectivo aumento dependiendo de: n\u00famero de art\u00edculos, peso extra, cambio de moneda, u otra circunstancia ajena que comprometa el precio est\u00e1ndar del env\u00edo. \u00c9ste se cobrar\u00e1 al \u201cUSUARIO\u201d por cada orden.<\/p>\n<p>Nacional Expr\u00e9s: esta clase de env\u00edo tiene un costo variable dependiendo de la zona de env\u00edo y tiene cobertura limitada a ciertos c\u00f3digos postales definidos por la empresa de paqueter\u00eda. El tiempo de entrega aproximado ser\u00e1 de dos a tres d\u00edas h\u00e1biles. \u00c9ste se cobrar\u00e1 al \u201cUSUARIO\u201d por cada orden.<\/p>\n<p>El tiempo de entrega es estimado y depender\u00e1 de diversos factores como el clim\u00e1tico, el social e incluso eventualidades previstas y no previstas que afectaran las rutas de acceso indicadas dar acceso para el domicilio.<\/p>\n<p>Los pedidos ser\u00e1n enviados una vez confirmado el pago total de la orden y los gastos log\u00edsticos.<\/p>\n<p>&nbsp;<\/p>\n<p><strong>TRANSFERENCIA DE DATOS<\/strong><\/p>\n<p>Le informamos que sus datos personales son compartidos dentro del pa\u00eds con las siguientes personas, empresas, organizaciones o autoridades distintas a nosotros, para los siguientes fines:<\/p>\n<p>Con relaci\u00f3n a las transferencias que requieren de su consentimiento, si usted a continuaci\u00f3n no manifiesta su negativa para que \u00e9stas ocurran, enviando un correo a<span>\u00a0<\/span><span class=\"TextRun SCXW157064182\" xml:lang=\"ES-ES\" lang=\"ES-ES\"><span class=\"NormalTextRun SCXW157064182\">info@tombstone.mx<\/span><\/span>, entenderemos que nos lo ha otorgado:<\/p>\n<p>No autorizo que se lleven a cabo las siguientes transferencias de mis datos personales:<\/p>\n<table width=\"100%\">\n<tbody>\n<tr>\n<td><strong>Destinatario de los datos personales<\/strong><\/td>\n<td><strong>Finalidad<\/strong><\/td>\n<td><strong>Selecciona<\/strong><\/td>\n<\/tr>\n<tr>\n<td width=\"150\"><\/td>\n<td width=\"200\"><\/td>\n<td><\/td>\n<\/tr>\n<tr>\n<td width=\"150\"><\/td>\n<td width=\"200\"><\/td>\n<td><\/td>\n<\/tr>\n<tr>\n<td width=\"150\">Estafeta<\/td>\n<td width=\"200\">Realizar la entrega de productos comprados en el sitio en el domicilio indicado por el usuario<\/td>\n<\/tr>\n<\/tbody>\n<\/table>\n<p>[\/et_pb_text][\/et_pb_column][\/et_pb_row][\/et_pb_section]<\/p>\n","protected":false},"excerpt":{"rendered":"<p>\u201cTOMBSTONE\u201d realizar\u00e1 env\u00edos al domicilio se\u00f1alado por el \u201cUSUARIO\u201d como domicilio de entrega dentro de su orden a trav\u00e9s del m\u00e9todo que haya seleccionado. Los env\u00edos se realizar\u00e1n a trav\u00e9s de distintas empresas de paqueter\u00eda certificadas. Nacional Terrestre: esta clase de env\u00edo tiene un costo variable dependiendo de la zona de env\u00edo o siendo este [&hellip;]<\/p>\n","protected":false},"author":4,"featured_media":0,"parent":0,"menu_order":0,"comment_status":"closed","ping_status":"closed","template":"","meta":{"_et_pb_use_builder":"on","_et_pb_old_content":"","_et_gb_content_width":"","_joinchat":[],"footnotes":""},"class_list":["post-263170","page","type-page","status-publish","hentry"],"yoast_head":"<!-- This site is optimized with the Yoast SEO Premium plugin v27.5 (Yoast SEO v27.5) - https:\/\/yoast.com\/product\/yoast-seo-premium-wordpress\/ -->\n<title>Env\u00edos - Tombstone Hats<\/title>\n<meta name=\"robots\" content=\"index, follow, max-snippet:-1, max-image-preview:large, max-video-preview:-1\" \/>\n<link rel=\"canonical\" href=\"https:\/\/tombstone.mx\/index.php\/envios\/\" \/>\n<meta property=\"og:locale\" content=\"es_ES\" \/>\n<meta property=\"og:type\" content=\"article\" \/>\n<meta property=\"og:title\" content=\"Env\u00edos\" \/>\n<meta property=\"og:description\" content=\"\u201cTOMBSTONE\u201d realizar\u00e1 env\u00edos al domicilio se\u00f1alado por el \u201cUSUARIO\u201d como domicilio de entrega dentro de su orden a trav\u00e9s del m\u00e9todo que haya seleccionado. Los env\u00edos se realizar\u00e1n a trav\u00e9s de distintas empresas de paqueter\u00eda certificadas. Nacional Terrestre: esta clase de env\u00edo tiene un costo variable dependiendo de la zona de env\u00edo o siendo este [&hellip;]\" \/>\n<meta property=\"og:url\" content=\"https:\/\/tombstone.mx\/index.php\/envios\/\" \/>\n<meta property=\"og:site_name\" content=\"Tombstone Hats\" \/>\n<meta property=\"article:publisher\" content=\"https:\/\/www.facebook.com\/TombstoneOfficial\/\" \/>\n<meta property=\"article:modified_time\" content=\"2026-04-16T18:50:47+00:00\" \/>\n<meta name=\"twitter:card\" content=\"summary_large_image\" \/>\n<meta name=\"twitter:label1\" content=\"Tiempo de lectura\" \/>\n\t<meta name=\"twitter:data1\" content=\"2 minutos\" \/>\n<script type=\"application\/ld+json\" class=\"yoast-schema-graph\">{\"@context\":\"https:\\\/\\\/schema.org\",\"@graph\":[{\"@type\":\"WebPage\",\"@id\":\"https:\\\/\\\/tombstone.mx\\\/index.php\\\/envios\\\/\",\"url\":\"https:\\\/\\\/tombstone.mx\\\/index.php\\\/envios\\\/\",\"name\":\"Env\u00edos - Tombstone Hats\",\"isPartOf\":{\"@id\":\"https:\\\/\\\/tombstone.mx\\\/#website\"},\"datePublished\":\"2024-05-09T16:42:13+00:00\",\"dateModified\":\"2026-04-16T18:50:47+00:00\",\"breadcrumb\":{\"@id\":\"https:\\\/\\\/tombstone.mx\\\/index.php\\\/envios\\\/#breadcrumb\"},\"inLanguage\":\"es\",\"potentialAction\":[{\"@type\":\"ReadAction\",\"target\":[\"https:\\\/\\\/tombstone.mx\\\/index.php\\\/envios\\\/\"]}]},{\"@type\":\"BreadcrumbList\",\"@id\":\"https:\\\/\\\/tombstone.mx\\\/index.php\\\/envios\\\/#breadcrumb\",\"itemListElement\":[{\"@type\":\"ListItem\",\"position\":1,\"name\":\"Portada\",\"item\":\"https:\\\/\\\/tombstone.mx\\\/\"},{\"@type\":\"ListItem\",\"position\":2,\"name\":\"Env\u00edos\"}]},{\"@type\":\"WebSite\",\"@id\":\"https:\\\/\\\/tombstone.mx\\\/#website\",\"url\":\"https:\\\/\\\/tombstone.mx\\\/\",\"name\":\"Tombstone Hats\",\"description\":\"Sombreros Tombstone Oficial\",\"publisher\":{\"@id\":\"https:\\\/\\\/tombstone.mx\\\/#organization\"},\"potentialAction\":[{\"@type\":\"SearchAction\",\"target\":{\"@type\":\"EntryPoint\",\"urlTemplate\":\"https:\\\/\\\/tombstone.mx\\\/?s={search_term_string}\"},\"query-input\":{\"@type\":\"PropertyValueSpecification\",\"valueRequired\":true,\"valueName\":\"search_term_string\"}}],\"inLanguage\":\"es\"},{\"@type\":\"Organization\",\"@id\":\"https:\\\/\\\/tombstone.mx\\\/#organization\",\"name\":\"Tombstone Hats\",\"url\":\"https:\\\/\\\/tombstone.mx\\\/\",\"logo\":{\"@type\":\"ImageObject\",\"inLanguage\":\"es\",\"@id\":\"https:\\\/\\\/tombstone.mx\\\/#\\\/schema\\\/logo\\\/image\\\/\",\"url\":\"https:\\\/\\\/tombstone.mx\\\/wp-content\\\/uploads\\\/2024\\\/02\\\/logo_gral.png\",\"contentUrl\":\"https:\\\/\\\/tombstone.mx\\\/wp-content\\\/uploads\\\/2024\\\/02\\\/logo_gral.png\",\"width\":1000,\"height\":200,\"caption\":\"Tombstone Hats\"},\"image\":{\"@id\":\"https:\\\/\\\/tombstone.mx\\\/#\\\/schema\\\/logo\\\/image\\\/\"},\"sameAs\":[\"https:\\\/\\\/www.facebook.com\\\/TombstoneOfficial\\\/\",\"https:\\\/\\\/www.instagram.com\\\/tombstoneofficial\\\/\"]}]}<\/script>\n<!-- \/ Yoast SEO Premium plugin. -->","yoast_head_json":{"title":"Env\u00edos - Tombstone Hats","robots":{"index":"index","follow":"follow","max-snippet":"max-snippet:-1","max-image-preview":"max-image-preview:large","max-video-preview":"max-video-preview:-1"},"canonical":"https:\/\/tombstone.mx\/index.php\/envios\/","og_locale":"es_ES","og_type":"article","og_title":"Env\u00edos","og_description":"\u201cTOMBSTONE\u201d realizar\u00e1 env\u00edos al domicilio se\u00f1alado por el \u201cUSUARIO\u201d como domicilio de entrega dentro de su orden a trav\u00e9s del m\u00e9todo que haya seleccionado. Los env\u00edos se realizar\u00e1n a trav\u00e9s de distintas empresas de paqueter\u00eda certificadas. Nacional Terrestre: esta clase de env\u00edo tiene un costo variable dependiendo de la zona de env\u00edo o siendo este [&hellip;]","og_url":"https:\/\/tombstone.mx\/index.php\/envios\/","og_site_name":"Tombstone Hats","article_publisher":"https:\/\/www.facebook.com\/TombstoneOfficial\/","article_modified_time":"2026-04-16T18:50:47+00:00","twitter_card":"summary_large_image","twitter_misc":{"Tiempo de lectura":"2 minutos"},"schema":{"@context":"https:\/\/schema.org","@graph":[{"@type":"WebPage","@id":"https:\/\/tombstone.mx\/index.php\/envios\/","url":"https:\/\/tombstone.mx\/index.php\/envios\/","name":"Env\u00edos - Tombstone Hats","isPartOf":{"@id":"https:\/\/tombstone.mx\/#website"},"datePublished":"2024-05-09T16:42:13+00:00","dateModified":"2026-04-16T18:50:47+00:00","breadcrumb":{"@id":"https:\/\/tombstone.mx\/index.php\/envios\/#breadcrumb"},"inLanguage":"es","potentialAction":[{"@type":"ReadAction","target":["https:\/\/tombstone.mx\/index.php\/envios\/"]}]},{"@type":"BreadcrumbList","@id":"https:\/\/tombstone.mx\/index.php\/envios\/#breadcrumb","itemListElement":[{"@type":"ListItem","position":1,"name":"Portada","item":"https:\/\/tombstone.mx\/"},{"@type":"ListItem","position":2,"name":"Env\u00edos"}]},{"@type":"WebSite","@id":"https:\/\/tombstone.mx\/#website","url":"https:\/\/tombstone.mx\/","name":"Tombstone Hats","description":"Sombreros Tombstone Oficial","publisher":{"@id":"https:\/\/tombstone.mx\/#organization"},"potentialAction":[{"@type":"SearchAction","target":{"@type":"EntryPoint","urlTemplate":"https:\/\/tombstone.mx\/?s={search_term_string}"},"query-input":{"@type":"PropertyValueSpecification","valueRequired":true,"valueName":"search_term_string"}}],"inLanguage":"es"},{"@type":"Organization","@id":"https:\/\/tombstone.mx\/#organization","name":"Tombstone Hats","url":"https:\/\/tombstone.mx\/","logo":{"@type":"ImageObject","inLanguage":"es","@id":"https:\/\/tombstone.mx\/#\/schema\/logo\/image\/","url":"https:\/\/tombstone.mx\/wp-content\/uploads\/2024\/02\/logo_gral.png","contentUrl":"https:\/\/tombstone.mx\/wp-content\/uploads\/2024\/02\/logo_gral.png","width":1000,"height":200,"caption":"Tombstone Hats"},"image":{"@id":"https:\/\/tombstone.mx\/#\/schema\/logo\/image\/"},"sameAs":["https:\/\/www.facebook.com\/TombstoneOfficial\/","https:\/\/www.instagram.com\/tombstoneofficial\/"]}]}},"jetpack_sharing_enabled":true,"_links":{"self":[{"href":"https:\/\/tombstone.mx\/index.php\/wp-json\/wp\/v2\/pages\/263170","targetHints":{"allow":["GET"]}}],"collection":[{"href":"https:\/\/tombstone.mx\/index.php\/wp-json\/wp\/v2\/pages"}],"about":[{"href":"https:\/\/tombstone.mx\/index.php\/wp-json\/wp\/v2\/types\/page"}],"author":[{"embeddable":true,"href":"https:\/\/tombstone.mx\/index.php\/wp-json\/wp\/v2\/users\/4"}],"replies":[{"embeddable":true,"href":"https:\/\/tombstone.mx\/index.php\/wp-json\/wp\/v2\/comments?post=263170"}],"version-history":[{"count":3,"href":"https:\/\/tombstone.mx\/index.php\/wp-json\/wp\/v2\/pages\/263170\/revisions"}],"predecessor-version":[{"id":272387,"href":"https:\/\/tombstone.mx\/index.php\/wp-json\/wp\/v2\/pages\/263170\/revisions\/272387"}],"wp:attachment":[{"href":"https:\/\/tombstone.mx\/index.php\/wp-json\/wp\/v2\/media?parent=263170"}],"curies":[{"name":"wp","href":"https:\/\/api.w.org\/{rel}","templated":true}]}}