{"id":263166,"date":"2024-05-09T10:17:27","date_gmt":"2024-05-09T16:17:27","guid":{"rendered":"https:\/\/tombstone.mx\/?page_id=263166"},"modified":"2024-05-09T10:17:33","modified_gmt":"2024-05-09T16:17:33","slug":"garantia","status":"publish","type":"page","link":"https:\/\/tombstone.mx\/index.php\/garantia\/","title":{"rendered":"Garant\u00eda"},"content":{"rendered":"<p>[et_pb_section fb_built=\u00bb1&#8243; theme_builder_area=\u00bbpost_content\u00bb _builder_version=\u00bb4.24.3&#8243; _module_preset=\u00bbdefault\u00bb][et_pb_row _builder_version=\u00bb4.24.3&#8243; _module_preset=\u00bbdefault\u00bb theme_builder_area=\u00bbpost_content\u00bb][et_pb_column _builder_version=\u00bb4.24.3&#8243; _module_preset=\u00bbdefault\u00bb type=\u00bb4_4&#8243; theme_builder_area=\u00bbpost_content\u00bb][et_pb_text _builder_version=\u00bb4.24.3&#8243; _module_preset=\u00bbdefault\u00bb theme_builder_area=\u00bbpost_content\u00bb hover_enabled=\u00bb0&#8243; sticky_enabled=\u00bb0&#8243;]<\/p>\n<p><strong>GARANT\u00cdA DE LOS PRODUCTOS<\/strong><\/p>\n<p>Se garantiza la seguridad del producto a partir de la fecha de compra, hasta la entrega del mismo contra cualquier defecto en su empaque o en el producto. La garant\u00eda incluye reposici\u00f3n o cambio del producto y\/o componentes sin cargo alguno para el cliente siempre y cuando al recibir el paquete da\u00f1ado de su empaque a simple vista no lo reciba, y no firme a la paqueter\u00eda a su vez notifique inmediatamente a atenci\u00f3n al cliente al (476)112 1602 o al correo info@tombstone.mx.<span data-ccp-props=\"{&quot;335551550&quot;:6,&quot;335551620&quot;:6}\">\u00a0<\/span><\/p>\n<p>Se entregar\u00e1 el producto en un lapso no mayor de 8 a 12 d\u00edas h\u00e1biles, contando a partir de la fecha proporcional a la entrega de la gu\u00eda.\u00a0<span data-ccp-props=\"{&quot;335551550&quot;:6,&quot;335551620&quot;:6}\">\u00a0<\/span><span data-ccp-props=\"{}\">\u00a0<\/span><\/p>\n<p>ESTA GARANTIA NO SER\u00c1 V\u00c1LIDA BAJO LAS SIGUIENTES CONDICIONES<span data-ccp-props=\"{}\">\u00a0<\/span><\/p>\n<ol>\n<li>Cuando el producto haya sido expuesto a la humedad o vapor, maltratado, manchado por alg\u00fan liquido o sustancia.\u00a0<span data-ccp-props=\"{&quot;134233279&quot;:true,&quot;335551550&quot;:6,&quot;335551620&quot;:6}\">\u00a0<\/span><\/li>\n<li>Si el producto fue alterado de su horma original, quebrado\u00a0 o abierto.<span data-ccp-props=\"{&quot;134233279&quot;:true,&quot;335551550&quot;:6,&quot;335551620&quot;:6}\">\u00a0<\/span><\/li>\n<li>Si las etiquetas dentro y fuera del producto se encuentran removidas.<span data-ccp-props=\"{&quot;134233279&quot;:true,&quot;335551550&quot;:6,&quot;335551620&quot;:6}\">\u00a0<\/span><\/li>\n<li>Cuando la falla sea originada por el uso y desgaste normal de la pieza debido al uso del mismo.<span data-ccp-props=\"{&quot;134233279&quot;:true,&quot;335551550&quot;:6,&quot;335551620&quot;:6}\">\u00a0<\/span><\/li>\n<li>Si al entregar el producto por parte de paqueter\u00eda, el empaque viene da\u00f1ado y aun as\u00ed se abre y no se reporta el da\u00f1o.<span data-ccp-props=\"{&quot;134233279&quot;:true,&quot;335551550&quot;:6,&quot;335551620&quot;:6}\"><br \/><\/span><\/li>\n<\/ol>\n<p>Ninguna otra garant\u00eda verbal o escrita diferente a la aqu\u00ed expresada ser\u00e1 reconocida.<\/p>\n<p><span class=\"TextRun SCXW39556355\" xml:lang=\"ES-ES\" lang=\"ES-ES\"><span class=\"NormalTextRun SCXW39556355\">El \u00abUSUARIO\u00bb deber\u00e1 notificar a los tel\u00e9fonos:<\/span><\/span><\/p>\n<p>(476)112 1602<\/p>\n<p>(476)124 0333<\/p>\n<p>(476)124 4852<\/p>\n<p>o al correo info@tombstone.mx<span>\u00a0<\/span>para poder hacer valida esta garant\u00eda, as\u00ed como contar con la nota o comprobante de compra.<\/p>\n<p><strong>DEVOLUCI\u00d3N Y CAMBIOS<\/strong><\/p>\n<p>\u201cTOMBSTONE\u201d ofrece un periodo limitado de tres d\u00edas naturales despu\u00e9s de la recepci\u00f3n del producto para realizar cambios de talla de producto. Esta garant\u00eda aplica solamente en productos nuevos.<\/p>\n<p>Todo cambio y devoluci\u00f3n generar\u00e1 un cargo de $210 mxn iva incluido por concepto de manejo log\u00edstico y ser\u00e1 cobrado por evento.<\/p>\n<p>Para poder realizar cualquier cambio o devoluci\u00f3n se deber\u00e1n conservar las etiquetas, facturas, el empaque original, as\u00ed como devolver el producto en perfecto estado. Si el producto presenta se\u00f1ales de uso o maltrato, el cambio no proceder\u00e1 y el producto ser\u00e1 re-enviado al \u201cUSUARIO\u201d, adem\u00e1s de que deber\u00e1 cubrir los gastos por manejo log\u00edstico.<\/p>\n<p>En caso de devoluci\u00f3n, el monto pagado por concepto de env\u00edos no ser\u00e1 reembolsable y el reembolso se har\u00e1 por la restante del valor del producto menos el cargo por manejo log\u00edstico y ser\u00e1 hecho en la misma forma en la que se realiz\u00f3 el pago a excepci\u00f3n del pago en efectivo. Si el pago se realiz\u00f3 en efectivo se enviar\u00e1 un monedero electr\u00f3nico por la cantidad a devolver que podr\u00e1 ser utilizada en tombstone.com.mx para comprar cualquier producto.<\/p>\n<p>[\/et_pb_text][\/et_pb_column][\/et_pb_row][\/et_pb_section]<\/p>\n","protected":false},"excerpt":{"rendered":"<p>GARANT\u00cdA DE LOS PRODUCTOS Se garantiza la seguridad del producto a partir de la fecha de compra, hasta la entrega del mismo contra cualquier defecto en su empaque o en el producto. La garant\u00eda incluye reposici\u00f3n o cambio del producto y\/o componentes sin cargo alguno para el cliente siempre y cuando al recibir el paquete [&hellip;]<\/p>\n","protected":false},"author":4,"featured_media":0,"parent":0,"menu_order":0,"comment_status":"closed","ping_status":"closed","template":"","meta":{"_et_pb_use_builder":"on","_et_pb_old_content":"","_et_gb_content_width":"","_joinchat":[],"footnotes":""},"class_list":["post-263166","page","type-page","status-publish","hentry"],"yoast_head":"<!-- This site is optimized with the Yoast SEO Premium plugin v27.5 (Yoast SEO v27.5) - https:\/\/yoast.com\/product\/yoast-seo-premium-wordpress\/ -->\n<title>Garant\u00eda - Tombstone Hats<\/title>\n<meta name=\"robots\" content=\"index, follow, max-snippet:-1, max-image-preview:large, max-video-preview:-1\" \/>\n<link rel=\"canonical\" href=\"https:\/\/tombstone.mx\/index.php\/garantia\/\" \/>\n<meta property=\"og:locale\" content=\"es_ES\" \/>\n<meta property=\"og:type\" content=\"article\" \/>\n<meta property=\"og:title\" content=\"Garant\u00eda\" \/>\n<meta property=\"og:description\" content=\"GARANT\u00cdA DE LOS PRODUCTOS Se garantiza la seguridad del producto a partir de la fecha de compra, hasta la entrega del mismo contra cualquier defecto en su empaque o en el producto. La garant\u00eda incluye reposici\u00f3n o cambio del producto y\/o componentes sin cargo alguno para el cliente siempre y cuando al recibir el paquete [&hellip;]\" \/>\n<meta property=\"og:url\" content=\"https:\/\/tombstone.mx\/index.php\/garantia\/\" \/>\n<meta property=\"og:site_name\" content=\"Tombstone Hats\" \/>\n<meta property=\"article:publisher\" content=\"https:\/\/www.facebook.com\/TombstoneOfficial\/\" \/>\n<meta property=\"article:modified_time\" content=\"2024-05-09T16:17:33+00:00\" \/>\n<meta name=\"twitter:card\" content=\"summary_large_image\" \/>\n<meta name=\"twitter:label1\" content=\"Tiempo de lectura\" \/>\n\t<meta name=\"twitter:data1\" content=\"3 minutos\" \/>\n<script type=\"application\/ld+json\" class=\"yoast-schema-graph\">{\"@context\":\"https:\\\/\\\/schema.org\",\"@graph\":[{\"@type\":\"WebPage\",\"@id\":\"https:\\\/\\\/tombstone.mx\\\/index.php\\\/garantia\\\/\",\"url\":\"https:\\\/\\\/tombstone.mx\\\/index.php\\\/garantia\\\/\",\"name\":\"Garant\u00eda - Tombstone Hats\",\"isPartOf\":{\"@id\":\"https:\\\/\\\/tombstone.mx\\\/#website\"},\"datePublished\":\"2024-05-09T16:17:27+00:00\",\"dateModified\":\"2024-05-09T16:17:33+00:00\",\"breadcrumb\":{\"@id\":\"https:\\\/\\\/tombstone.mx\\\/index.php\\\/garantia\\\/#breadcrumb\"},\"inLanguage\":\"es\",\"potentialAction\":[{\"@type\":\"ReadAction\",\"target\":[\"https:\\\/\\\/tombstone.mx\\\/index.php\\\/garantia\\\/\"]}]},{\"@type\":\"BreadcrumbList\",\"@id\":\"https:\\\/\\\/tombstone.mx\\\/index.php\\\/garantia\\\/#breadcrumb\",\"itemListElement\":[{\"@type\":\"ListItem\",\"position\":1,\"name\":\"Portada\",\"item\":\"https:\\\/\\\/tombstone.mx\\\/\"},{\"@type\":\"ListItem\",\"position\":2,\"name\":\"Garant\u00eda\"}]},{\"@type\":\"WebSite\",\"@id\":\"https:\\\/\\\/tombstone.mx\\\/#website\",\"url\":\"https:\\\/\\\/tombstone.mx\\\/\",\"name\":\"Tombstone Hats\",\"description\":\"Sombreros Tombstone Oficial\",\"publisher\":{\"@id\":\"https:\\\/\\\/tombstone.mx\\\/#organization\"},\"potentialAction\":[{\"@type\":\"SearchAction\",\"target\":{\"@type\":\"EntryPoint\",\"urlTemplate\":\"https:\\\/\\\/tombstone.mx\\\/?s={search_term_string}\"},\"query-input\":{\"@type\":\"PropertyValueSpecification\",\"valueRequired\":true,\"valueName\":\"search_term_string\"}}],\"inLanguage\":\"es\"},{\"@type\":\"Organization\",\"@id\":\"https:\\\/\\\/tombstone.mx\\\/#organization\",\"name\":\"Tombstone Hats\",\"url\":\"https:\\\/\\\/tombstone.mx\\\/\",\"logo\":{\"@type\":\"ImageObject\",\"inLanguage\":\"es\",\"@id\":\"https:\\\/\\\/tombstone.mx\\\/#\\\/schema\\\/logo\\\/image\\\/\",\"url\":\"https:\\\/\\\/tombstone.mx\\\/wp-content\\\/uploads\\\/2024\\\/02\\\/logo_gral.png\",\"contentUrl\":\"https:\\\/\\\/tombstone.mx\\\/wp-content\\\/uploads\\\/2024\\\/02\\\/logo_gral.png\",\"width\":1000,\"height\":200,\"caption\":\"Tombstone Hats\"},\"image\":{\"@id\":\"https:\\\/\\\/tombstone.mx\\\/#\\\/schema\\\/logo\\\/image\\\/\"},\"sameAs\":[\"https:\\\/\\\/www.facebook.com\\\/TombstoneOfficial\\\/\",\"https:\\\/\\\/www.instagram.com\\\/tombstoneofficial\\\/\"]}]}<\/script>\n<!-- \/ Yoast SEO Premium plugin. -->","yoast_head_json":{"title":"Garant\u00eda - Tombstone Hats","robots":{"index":"index","follow":"follow","max-snippet":"max-snippet:-1","max-image-preview":"max-image-preview:large","max-video-preview":"max-video-preview:-1"},"canonical":"https:\/\/tombstone.mx\/index.php\/garantia\/","og_locale":"es_ES","og_type":"article","og_title":"Garant\u00eda","og_description":"GARANT\u00cdA DE LOS PRODUCTOS Se garantiza la seguridad del producto a partir de la fecha de compra, hasta la entrega del mismo contra cualquier defecto en su empaque o en el producto. La garant\u00eda incluye reposici\u00f3n o cambio del producto y\/o componentes sin cargo alguno para el cliente siempre y cuando al recibir el paquete [&hellip;]","og_url":"https:\/\/tombstone.mx\/index.php\/garantia\/","og_site_name":"Tombstone Hats","article_publisher":"https:\/\/www.facebook.com\/TombstoneOfficial\/","article_modified_time":"2024-05-09T16:17:33+00:00","twitter_card":"summary_large_image","twitter_misc":{"Tiempo de lectura":"3 minutos"},"schema":{"@context":"https:\/\/schema.org","@graph":[{"@type":"WebPage","@id":"https:\/\/tombstone.mx\/index.php\/garantia\/","url":"https:\/\/tombstone.mx\/index.php\/garantia\/","name":"Garant\u00eda - Tombstone Hats","isPartOf":{"@id":"https:\/\/tombstone.mx\/#website"},"datePublished":"2024-05-09T16:17:27+00:00","dateModified":"2024-05-09T16:17:33+00:00","breadcrumb":{"@id":"https:\/\/tombstone.mx\/index.php\/garantia\/#breadcrumb"},"inLanguage":"es","potentialAction":[{"@type":"ReadAction","target":["https:\/\/tombstone.mx\/index.php\/garantia\/"]}]},{"@type":"BreadcrumbList","@id":"https:\/\/tombstone.mx\/index.php\/garantia\/#breadcrumb","itemListElement":[{"@type":"ListItem","position":1,"name":"Portada","item":"https:\/\/tombstone.mx\/"},{"@type":"ListItem","position":2,"name":"Garant\u00eda"}]},{"@type":"WebSite","@id":"https:\/\/tombstone.mx\/#website","url":"https:\/\/tombstone.mx\/","name":"Tombstone Hats","description":"Sombreros Tombstone Oficial","publisher":{"@id":"https:\/\/tombstone.mx\/#organization"},"potentialAction":[{"@type":"SearchAction","target":{"@type":"EntryPoint","urlTemplate":"https:\/\/tombstone.mx\/?s={search_term_string}"},"query-input":{"@type":"PropertyValueSpecification","valueRequired":true,"valueName":"search_term_string"}}],"inLanguage":"es"},{"@type":"Organization","@id":"https:\/\/tombstone.mx\/#organization","name":"Tombstone Hats","url":"https:\/\/tombstone.mx\/","logo":{"@type":"ImageObject","inLanguage":"es","@id":"https:\/\/tombstone.mx\/#\/schema\/logo\/image\/","url":"https:\/\/tombstone.mx\/wp-content\/uploads\/2024\/02\/logo_gral.png","contentUrl":"https:\/\/tombstone.mx\/wp-content\/uploads\/2024\/02\/logo_gral.png","width":1000,"height":200,"caption":"Tombstone Hats"},"image":{"@id":"https:\/\/tombstone.mx\/#\/schema\/logo\/image\/"},"sameAs":["https:\/\/www.facebook.com\/TombstoneOfficial\/","https:\/\/www.instagram.com\/tombstoneofficial\/"]}]}},"jetpack_sharing_enabled":true,"_links":{"self":[{"href":"https:\/\/tombstone.mx\/index.php\/wp-json\/wp\/v2\/pages\/263166","targetHints":{"allow":["GET"]}}],"collection":[{"href":"https:\/\/tombstone.mx\/index.php\/wp-json\/wp\/v2\/pages"}],"about":[{"href":"https:\/\/tombstone.mx\/index.php\/wp-json\/wp\/v2\/types\/page"}],"author":[{"embeddable":true,"href":"https:\/\/tombstone.mx\/index.php\/wp-json\/wp\/v2\/users\/4"}],"replies":[{"embeddable":true,"href":"https:\/\/tombstone.mx\/index.php\/wp-json\/wp\/v2\/comments?post=263166"}],"version-history":[{"count":2,"href":"https:\/\/tombstone.mx\/index.php\/wp-json\/wp\/v2\/pages\/263166\/revisions"}],"predecessor-version":[{"id":263169,"href":"https:\/\/tombstone.mx\/index.php\/wp-json\/wp\/v2\/pages\/263166\/revisions\/263169"}],"wp:attachment":[{"href":"https:\/\/tombstone.mx\/index.php\/wp-json\/wp\/v2\/media?parent=263166"}],"curies":[{"name":"wp","href":"https:\/\/api.w.org\/{rel}","templated":true}]}}